{"id":7693,"date":"2025-07-25T10:58:35","date_gmt":"2025-07-25T08:58:35","guid":{"rendered":"https:\/\/maniaxuav.com\/?page_id=7693"},"modified":"2025-08-12T11:01:19","modified_gmt":"2025-08-12T09:01:19","slug":"servizio-di-riparazione-e-sostituzione","status":"publish","type":"page","link":"https:\/\/maniaxuav.com\/it\/servizio-di-riparazione-e-sostituzione\/","title":{"rendered":"Servizio di riparazione e sostituzione"},"content":{"rendered":"<div data-elementor-type=\"wp-page\" data-elementor-id=\"7693\" class=\"elementor elementor-7693\" data-elementor-post-type=\"page\">\n\t\t\t\t<div class=\"elementor-element elementor-element-2f83eb0 e-flex e-con-boxed e-con e-parent\" data-id=\"2f83eb0\" data-element_type=\"container\" data-e-type=\"container\" data-settings=\"{&quot;jet_parallax_layout_list&quot;:[]}\">\n\t\t\t\t\t<div class=\"e-con-inner\">\n\t\t\t\t<div class=\"elementor-element elementor-element-4aed718 elementor-widget elementor-widget-text-editor\" data-id=\"4aed718\" data-element_type=\"widget\" data-e-type=\"widget\" data-widget_type=\"text-editor.default\">\n\t\t\t\t<div class=\"elementor-widget-container\">\n\t\t\t\t\t\t\t\t\t<p>Tutti i nostri prodotti sono coperti da una garanzia completa di riparazione\/sostituzione per 90 giorni, datata dall'originale o dalla copia della ricevuta di vendita originale.\u00a0<u>La garanzia limitata MANIAX copre tutti i guasti dovuti a difetti di fabbricazione o di materiale.<\/u>. Non copre l'uso improprio, l'abuso, compresi i 'crash', intenzionali o meno. Gli accessori come la ventola di raffreddamento, l'interruttore, i cavi non rientrano nei termini della garanzia (a meno che non siano arrivati danneggiati).<\/p><p>L'abuso include, ma non si limita a quanto segue:<\/p><ul><li>Utilizzo del sistema al di fuori dell'uso previsto.\u00a0<\/li><li>Danni derivanti da urti con il veicolo, danni accidentali causati da fattori esterni, cablaggio errato, sovratensione, sovraccarico, ingranaggio o puntellamento improprio (sovraccarico), selezione impropria del motore, impostazioni errate, batterie o connettori insufficienti e\/o saldature scadenti sui connettori.\u00a0<\/li><\/ul><p>Nota: utilizzo di un controller al di fuori delle specifiche prestazionali previste (funzionamento al di fuori della tensione\/corrente MAX, ingranaggi o applicazione\/veicolo errati). Danni fisici, inclusi incidenti e immersione in acqua. Modifiche al controller, come saldature su un controller, incollaggio di oggetti sul controller, invasatura del controller, ecc. Non ci sono parti riparabili dall'utente su questi controllori, non consigliamo di tentare di riparare o saldare sulla scheda.<\/p><p>In breve, tutto ci\u00f2 che pu\u00f2 essere considerato un abuso non \u00e8 coperto dalla garanzia.<\/p><p>La nostra garanzia limitata si limita alla riparazione o alla sostituzione dell'unit\u00e0 secondo le specifiche originali MANIAX. Poich\u00e9 non abbiamo alcun controllo sull'installazione o sull'uso di questo prodotto, in nessun caso saremo responsabili per i danni.  I prodotti sostitutivi in garanzia non sono rimborsabili o sostituibili.<\/p><p>Inoltre, questi articoli invalidano la garanzia e richiedono informazioni per la fatturazione - nessuna eccezione:<\/p><ul><li>L'utilizzo del controllo della velocit\u00e0 in un'applicazione per cui non \u00e8 stato progettato.<\/li><li>Superare le specifiche del prodotto.<\/li><li>Disabilita la PROTEZIONE SOVRISCALDAMENTO ESC o la PROTEZIONE SOVRISCALDAMENTO MOTORE.<\/li><li>Permettere all'acqua o all'umidit\u00e0 di entrare nel regolatore di velocit\u00e0. (Eccetto ESC impermeabile)<\/li><li>Cablaggio errato o utilizzo non conforme alle istruzioni.<\/li><li>Utilizzo di connettori con polarit\u00e0 sbagliata sui fili della batteria e del motore dal regolatore di velocit\u00e0.<\/li><li>Il mancato fissaggio del condensatore in dotazione o il danneggiamento del condensatore (o dei condensatori) sono confermati.<\/li><li>I MOSFET e o le piastre di fase sono confermati danneggiati dal sovraccarico di corrente (i).<\/li><li>La garanzia si applica solo all'acquirente originale del prodotto. La garanzia non \u00e8 trasferibile.<\/li><li>La mancata inclusione di una ricevuta comprovante la data di acquisto.<\/li><li>Prodotti MANIAX fuori produzione.<\/li><li>Prodotto\/i acquistato\/i da un rivenditore non autorizzato \u00a0<a href=\"http:\/\/www.falconsekido.com\/pages\/authorized-dealer\" target=\"_blank\" rel=\"noopener\">Veda l'elenco dei rivenditori autorizzati in Nord America<\/a>. L'acquisto da rivenditori di Hong Kong e venditori eBay che non seguono la politica MAP di MANIAX considera l'articolo non in garanzia.<\/li><li>Per i problemi non coperti dalla garanzia, come i danni accidentali o l'usura, sono disponibili servizi di riparazione e sostituzione a pagamento. I clienti saranno informati in anticipo di tutti i costi.<\/li><\/ul>\t\t\t\t\t\t\t\t<\/div>\n\t\t\t\t<\/div>\n\t\t\t\t\t<\/div>\n\t\t\t\t<\/div>\n\t\t\t\t<\/div>","protected":false},"excerpt":{"rendered":"<p>All our products are covered with a full repair\/replacement warranty for 90 days dated by the original or copy of the original sales receipt.\u00a0MANIAX limited warranty covers all failures that result from manufacture defective material or workmanship. It does not cover misuse, abuse including &#8216;crash&#8217;, intentional or otherwise. Accessories such as a cooling fan, a [&hellip;]<\/p>\n","protected":false},"author":1,"featured_media":6103,"parent":0,"menu_order":0,"comment_status":"closed","ping_status":"closed","template":"","meta":{"_acf_changed":false,"footnotes":""},"class_list":["post-7693","page","type-page","status-publish","has-post-thumbnail","hentry"],"acf":[],"jetpack_sharing_enabled":true,"_links":{"self":[{"href":"https:\/\/maniaxuav.com\/it\/wp-json\/wp\/v2\/pages\/7693","targetHints":{"allow":["GET"]}}],"collection":[{"href":"https:\/\/maniaxuav.com\/it\/wp-json\/wp\/v2\/pages"}],"about":[{"href":"https:\/\/maniaxuav.com\/it\/wp-json\/wp\/v2\/types\/page"}],"author":[{"embeddable":true,"href":"https:\/\/maniaxuav.com\/it\/wp-json\/wp\/v2\/users\/1"}],"replies":[{"embeddable":true,"href":"https:\/\/maniaxuav.com\/it\/wp-json\/wp\/v2\/comments?post=7693"}],"version-history":[{"count":7,"href":"https:\/\/maniaxuav.com\/it\/wp-json\/wp\/v2\/pages\/7693\/revisions"}],"predecessor-version":[{"id":9244,"href":"https:\/\/maniaxuav.com\/it\/wp-json\/wp\/v2\/pages\/7693\/revisions\/9244"}],"wp:featuredmedia":[{"embeddable":true,"href":"https:\/\/maniaxuav.com\/it\/wp-json\/wp\/v2\/media\/6103"}],"wp:attachment":[{"href":"https:\/\/maniaxuav.com\/it\/wp-json\/wp\/v2\/media?parent=7693"}],"curies":[{"name":"wp","href":"https:\/\/api.w.org\/{rel}","templated":true}]}}