{"id":7683,"date":"2025-07-25T10:55:26","date_gmt":"2025-07-25T08:55:26","guid":{"rendered":"https:\/\/maniaxuav.com\/?page_id=7683"},"modified":"2025-08-12T10:58:57","modified_gmt":"2025-08-12T08:58:57","slug":"politica-di-spedizione","status":"publish","type":"page","link":"https:\/\/maniaxuav.com\/it\/politica-di-spedizione\/","title":{"rendered":"Politica di spedizione"},"content":{"rendered":"<div data-elementor-type=\"wp-page\" data-elementor-id=\"7683\" class=\"elementor elementor-7683\" data-elementor-post-type=\"page\">\n\t\t\t\t<div class=\"elementor-element elementor-element-7c61780 e-flex e-con-boxed e-con e-parent\" data-id=\"7c61780\" data-element_type=\"container\" data-e-type=\"container\" data-settings=\"{&quot;jet_parallax_layout_list&quot;:[]}\">\n\t\t\t\t\t<div class=\"e-con-inner\">\n\t\t\t\t<div class=\"elementor-element elementor-element-f91ed6b elementor-widget elementor-widget-text-editor\" data-id=\"f91ed6b\" data-element_type=\"widget\" data-e-type=\"widget\" data-widget_type=\"text-editor.default\">\n\t\t\t\t<div class=\"elementor-widget-container\">\n\t\t\t\t\t\t\t\t\t<p><strong>CONSEGNA\/RICEZIONE<\/strong><\/p><p>I prodotti vengono consegnati all'indirizzo indicato dal Cliente nel modulo d'ordine, per posta o tramite corriere privato.<\/p><p><strong>1) Copertura del servizio<\/strong><\/p><p>Maniax UAV effettua consegne nelle seguenti regioni\/paesi:<\/p><ul><li>Francia continentale<\/li><li>Paesi dell'Unione Europea<\/li><li>Regno Unito<\/li><li>Paesi selezionati in Asia e Africa.<\/li><\/ul><p>I clienti sono tenuti a verificare che la consegna nella loro regione sia supportata al momento dell'acquisto.<\/p><p><strong>2) Tempistiche<\/strong><\/p><p><strong>Tempo di elaborazione dell'ordine<\/strong><\/p><p>Gli ordini vengono spediti entro <strong>1-3 giorni lavorativi<\/strong> dopo la conferma dell'ordine e la ricezione del pagamento.<\/p><p><strong>Logistica \/ Tempo di transito<\/strong><\/p><ul><li><strong>Francia continentale<\/strong>2-5 giorni lavorativi dopo la spedizione<\/li><li><strong>Paesi UE<\/strong>: 3-7 giorni lavorativi dopo la spedizione<\/li><li><strong>Regno Unito<\/strong>: 3-8 giorni lavorativi dopo la spedizione<\/li><li><strong>Altre regioni<\/strong>: 7-15 giorni lavorativi a seconda della localit\u00e0 e della dogana<\/li><\/ul><p><strong>\u00a0<\/strong><\/p><p><strong>Tempo di consegna totale<\/strong><\/p><p>Tempo di elaborazione + tempo di transito.<br \/>Ad esempio: Per la Francia - <strong>3-8 giorni lavorativi<\/strong> in totale.<\/p><p>I tempi di consegna sono indicativi, a meno che Maniax UAV non si impegni esplicitamente per iscritto a rispettare date di consegna certe. In caso di ritardo prevedibile, Maniax UAV informer\u00e0 il Cliente con una stima dei tempi di consegna.<\/p><p><strong>3) Costi di spedizione<\/strong><\/p><ul><li><strong>Francia<\/strong>: \u20ac15-\u20ac20<\/li><li><strong>Paesi UE<\/strong>: \u20ac20-\u20ac40<\/li><li><strong>REGNO UNITO<\/strong>: \u20ac15-\u20ac30<\/li><li><strong>Altri Paesi<\/strong>: calcolato alla cassa in base alla localit\u00e0 e al corriere<\/li><\/ul><p>Se il Cliente desidera due (2) localit\u00e0 di consegna, deve effettuare due (2) ordini separati con relative spese di spedizione.<\/p><p><strong>4) Imposte<\/strong><\/p><ul><li><strong>I prezzi degli ordini sono comprensivi di IVA<\/strong> per le consegne all'interno dell'Unione Europea.<\/li><li>Per <strong>Paesi non UE<\/strong>L'IVA e gli eventuali dazi doganali sono <strong>non incluso<\/strong> nel prezzo di acquisto.<br \/><strong>Il cliente si fa carico di tutti i dazi d'importazione, le tasse e le spese di sdoganamento applicabili.<\/strong> secondo le normative locali.<\/li><\/ul><p><strong>\u00a0<\/strong><\/p><p><strong>Condizioni di consegna\/ricezione<\/strong><\/p><p>Il Cliente \u00e8 tenuto a garantire personalmente il ricevimento dei prodotti ordinati. Il Cliente si impegna a firmare per il ricevimento dei prodotti.<\/p><p>\u00c8 responsabilit\u00e0 del Cliente verificare lo stato dei prodotti il giorno del ricevimento. Qualsiasi contestazione o riserva deve essere riportata sulla bolla di consegna firmata dal vettore e confermata con lettera certificata con ricevuta di ritorno entro quarantotto (48) ore. Una copia dovr\u00e0 essere inviata a Maniax UAV. Eventuali anomalie dovranno essere segnalate secondo le modalit\u00e0 di cui all'articolo 10.<\/p><p>In caso di problemi di disponibilit\u00e0, un ordine pu\u00f2 essere suddiviso in pi\u00f9 spedizioni. Al Cliente verr\u00e0 addebitato un solo costo di consegna.<\/p><p>In caso di inadempimento entro trenta (30) giorni, il Cliente pu\u00f2 inviare una lettera raccomandata a Maniax UAV per richiedere l'adempimento. In caso di mancato adempimento, il Cliente potr\u00e0 risolvere il contratto e ricevere un rimborso completo entro quattordici (14) giorni.<\/p>\t\t\t\t\t\t\t\t<\/div>\n\t\t\t\t<\/div>\n\t\t\t\t\t<\/div>\n\t\t\t\t<\/div>\n\t\t\t\t<\/div>","protected":false},"excerpt":{"rendered":"<p>DELIVERY \/ RECEIPT The products are delivered to the address indicated by the Customer on the order form, by post or by private carrier. 1) Service Coverage Maniax UAV delivers to the following regions\/countries: Mainland France European Union countries United Kingdom Selected countries in Asia and Africa. Customers are responsible for verifying that delivery to [&hellip;]<\/p>\n","protected":false},"author":1,"featured_media":6103,"parent":0,"menu_order":0,"comment_status":"closed","ping_status":"closed","template":"","meta":{"_acf_changed":false,"footnotes":""},"class_list":["post-7683","page","type-page","status-publish","has-post-thumbnail","hentry"],"acf":[],"jetpack_sharing_enabled":true,"_links":{"self":[{"href":"https:\/\/maniaxuav.com\/it\/wp-json\/wp\/v2\/pages\/7683","targetHints":{"allow":["GET"]}}],"collection":[{"href":"https:\/\/maniaxuav.com\/it\/wp-json\/wp\/v2\/pages"}],"about":[{"href":"https:\/\/maniaxuav.com\/it\/wp-json\/wp\/v2\/types\/page"}],"author":[{"embeddable":true,"href":"https:\/\/maniaxuav.com\/it\/wp-json\/wp\/v2\/users\/1"}],"replies":[{"embeddable":true,"href":"https:\/\/maniaxuav.com\/it\/wp-json\/wp\/v2\/comments?post=7683"}],"version-history":[{"count":7,"href":"https:\/\/maniaxuav.com\/it\/wp-json\/wp\/v2\/pages\/7683\/revisions"}],"predecessor-version":[{"id":9235,"href":"https:\/\/maniaxuav.com\/it\/wp-json\/wp\/v2\/pages\/7683\/revisions\/9235"}],"wp:featuredmedia":[{"embeddable":true,"href":"https:\/\/maniaxuav.com\/it\/wp-json\/wp\/v2\/media\/6103"}],"wp:attachment":[{"href":"https:\/\/maniaxuav.com\/it\/wp-json\/wp\/v2\/media?parent=7683"}],"curies":[{"name":"wp","href":"https:\/\/api.w.org\/{rel}","templated":true}]}}