{"id":237,"date":"2024-11-26T09:04:25","date_gmt":"2024-11-26T08:04:25","guid":{"rendered":"https:\/\/hobbywinguav.com\/carrito\/"},"modified":"2025-07-23T09:12:40","modified_gmt":"2025-07-23T07:12:40","slug":"carrello","status":"publish","type":"page","link":"https:\/\/maniaxuav.com\/it\/carrello\/","title":{"rendered":"Carrello"},"content":{"rendered":"<div data-elementor-type=\"wp-page\" data-elementor-id=\"237\" class=\"elementor elementor-237\" data-elementor-post-type=\"page\">\n\t\t\t\t<div class=\"elementor-element elementor-element-56ebf0b5 e-flex e-con-boxed e-con e-parent\" data-id=\"56ebf0b5\" data-element_type=\"container\" data-e-type=\"container\" data-settings=\"{&quot;jet_parallax_layout_list&quot;:[]}\">\n\t\t\t\t\t<div class=\"e-con-inner\">\n\t\t\t\t\t<\/div>\n\t\t\t\t<\/div>\n\t\t\t\t<\/div>","protected":false},"excerpt":{"rendered":"<p>Rimuovi articolo Immagine in miniatura Prezzo prodotto Quantit\u00e0 Subtotale \u00d7 3S-11.1V 7000mAH 45C celle: 3S tensione: 11,1V capacit\u00e0: 7000 mAh 68,00 \u20ac 3S-11.1V 7000mAH 45C quantit\u00e0 68,00 \u20ac Totale carrello Subtotale 68,00 \u20ac Totale 68,00 \u20ac EUR Procedi alla cassa<\/p>","protected":false},"author":1,"featured_media":6103,"parent":0,"menu_order":0,"comment_status":"closed","ping_status":"closed","template":"","meta":{"_acf_changed":false,"footnotes":""},"class_list":["post-237","page","type-page","status-publish","has-post-thumbnail","hentry"],"acf":[],"jetpack_sharing_enabled":true,"_links":{"self":[{"href":"https:\/\/maniaxuav.com\/it\/wp-json\/wp\/v2\/pages\/237","targetHints":{"allow":["GET"]}}],"collection":[{"href":"https:\/\/maniaxuav.com\/it\/wp-json\/wp\/v2\/pages"}],"about":[{"href":"https:\/\/maniaxuav.com\/it\/wp-json\/wp\/v2\/types\/page"}],"author":[{"embeddable":true,"href":"https:\/\/maniaxuav.com\/it\/wp-json\/wp\/v2\/users\/1"}],"replies":[{"embeddable":true,"href":"https:\/\/maniaxuav.com\/it\/wp-json\/wp\/v2\/comments?post=237"}],"version-history":[{"count":44,"href":"https:\/\/maniaxuav.com\/it\/wp-json\/wp\/v2\/pages\/237\/revisions"}],"predecessor-version":[{"id":7433,"href":"https:\/\/maniaxuav.com\/it\/wp-json\/wp\/v2\/pages\/237\/revisions\/7433"}],"wp:featuredmedia":[{"embeddable":true,"href":"https:\/\/maniaxuav.com\/it\/wp-json\/wp\/v2\/media\/6103"}],"wp:attachment":[{"href":"https:\/\/maniaxuav.com\/it\/wp-json\/wp\/v2\/media?parent=237"}],"curies":[{"name":"wp","href":"https:\/\/api.w.org\/{rel}","templated":true}]}}