{"id":7693,"date":"2025-07-25T10:58:35","date_gmt":"2025-07-25T08:58:35","guid":{"rendered":"https:\/\/maniaxuav.com\/?page_id=7693"},"modified":"2025-08-12T11:01:19","modified_gmt":"2025-08-12T09:01:19","slug":"service-de-reparation-et-de-remplacement","status":"publish","type":"page","link":"https:\/\/maniaxuav.com\/fr\/service-de-reparation-et-de-remplacement\/","title":{"rendered":"Service de r\u00e9paration et de remplacement"},"content":{"rendered":"<div data-elementor-type=\"wp-page\" data-elementor-id=\"7693\" class=\"elementor elementor-7693\" data-elementor-post-type=\"page\">\n\t\t\t\t<div class=\"elementor-element elementor-element-2f83eb0 e-flex e-con-boxed e-con e-parent\" data-id=\"2f83eb0\" data-element_type=\"container\" data-e-type=\"container\" data-settings=\"{&quot;jet_parallax_layout_list&quot;:[]}\">\n\t\t\t\t\t<div class=\"e-con-inner\">\n\t\t\t\t<div class=\"elementor-element elementor-element-4aed718 elementor-widget elementor-widget-text-editor\" data-id=\"4aed718\" data-element_type=\"widget\" data-e-type=\"widget\" data-widget_type=\"text-editor.default\">\n\t\t\t\t<div class=\"elementor-widget-container\">\n\t\t\t\t\t\t\t\t\t<p>Tous nos produits sont couverts par une garantie compl\u00e8te de r\u00e9paration\/remplacement pendant 90 jours, sur pr\u00e9sentation de l'original ou d'une copie du ticket de caisse.\u00a0<u>La garantie limit\u00e9e de MANIAX couvre toutes les d\u00e9faillances r\u00e9sultant d'un d\u00e9faut de mat\u00e9riel ou de fabrication.<\/u>. La garantie ne couvre pas l'utilisation abusive, y compris le \"crash\", qu'il soit intentionnel ou non. Les accessoires tels qu'un ventilateur, un interrupteur ou des fils ne sont pas couverts par la garantie (\u00e0 moins qu'ils ne soient livr\u00e9s endommag\u00e9s).<\/p><p>Les abus comprennent, mais ne sont pas limit\u00e9s \u00e0, ce qui suit :<\/p><ul><li>Utilisation du syst\u00e8me en dehors de l'usage pr\u00e9vu.\u00a0<\/li><li>Les dommages r\u00e9sultant d'une collision avec un v\u00e9hicule, d'un endommagement accidentel d\u00fb \u00e0 des facteurs externes, d'un c\u00e2blage incorrect, d'une surtension, d'une surcharge, d'un engrenage ou d'un \u00e9tayage inappropri\u00e9 (surcharge), d'une s\u00e9lection incorrecte du moteur, de r\u00e9glages incorrects, d'un nombre insuffisant de piles ou de connecteurs et\/ou de mauvais joints de soudure sur les connecteurs.\u00a0<\/li><\/ul><p>Note : Utilisation d'un contr\u00f4leur en dehors des sp\u00e9cifications de performance pr\u00e9vues (fonctionnement en dehors de la tension\/courant MAX, engrenage, ou mauvaise application\/v\u00e9hicule). Dommages physiques, y compris collisions et immersion dans l'eau. Modification du contr\u00f4leur, par exemple soudure sur un contr\u00f4leur, collage d'\u00e9l\u00e9ments sur le contr\u00f4leur, mise en pot du contr\u00f4leur, etc. Il n'y a pas de pi\u00e8ces r\u00e9parables par l'utilisateur sur ces contr\u00f4leurs, nous ne recommandons pas d'essayer de r\u00e9parer ou de souder la carte.<\/p><p>En bref, tout ce qui peut \u00eatre consid\u00e9r\u00e9 comme un abus n'est pas couvert par la garantie.<\/p><p>Notre responsabilit\u00e9 en mati\u00e8re de garantie se limite \u00e0 la r\u00e9paration ou au remplacement de l'appareil selon les sp\u00e9cifications d'origine de MANIAX. Comme nous n'avons aucun contr\u00f4le sur l'installation ou l'utilisation de ce produit, nous ne pouvons en aucun cas \u00eatre tenus responsables des dommages.  Les articles de remplacement sous garantie ne sont ni remboursables ni \u00e9changeables.<\/p><p>En outre, ces articles annulent la garantie et n\u00e9cessitent des informations de facturation - sans exception :<\/p><ul><li>Utilisation du r\u00e9gulateur de vitesse dans une application pour laquelle il n'a pas \u00e9t\u00e9 con\u00e7u.<\/li><li>D\u00e9passer les sp\u00e9cifications du produit.<\/li><li>D\u00e9sactivation de la PROTECTION CONTRE LA SURCHAUFFE DE L'ESC ou de la PROTECTION CONTRE LA SURCHAUFFE DU MOTEUR.<\/li><li>Permettre \u00e0 l'eau ou \u00e0 l'humidit\u00e9 de p\u00e9n\u00e9trer dans le contr\u00f4leur de vitesse. (Sauf ESC \u00e9tanche)<\/li><li>C\u00e2blage incorrect ou utilisation non conforme aux instructions.<\/li><li>Utilisation de connecteurs de polarit\u00e9 incorrecte sur les fils de la batterie et du moteur \u00e0 partir du contr\u00f4leur de vitesse.<\/li><li>Le condensateur fourni n'est pas fix\u00e9 ou le(s) condensateur(s) est (sont) endommag\u00e9(s).<\/li><li>MOSFETs et\/ou plaque(s) de phase endommag\u00e9e(s) par une surcharge de courant (i)<\/li><li>La garantie s'applique uniquement \u00e0 l'acheteur initial du produit. La garantie n'est pas transf\u00e9rable.<\/li><li>Absence d'un re\u00e7u prouvant la date d'achat.<\/li><li>Les produits MANIAX qui ont \u00e9t\u00e9 abandonn\u00e9s.<\/li><li>Produit(s) achet\u00e9(s) aupr\u00e8s d'un revendeur non agr\u00e9\u00e9 \u00a0<a href=\"http:\/\/www.falconsekido.com\/pages\/authorized-dealer\" target=\"_blank\" rel=\"noopener\">Consultez la liste des distributeurs agr\u00e9\u00e9s en Am\u00e9rique du Nord<\/a>. Les achats effectu\u00e9s aupr\u00e8s de d\u00e9taillants de Hong Kong et de vendeurs d'eBay qui ne respectent pas la politique MAP de MANIAX sont consid\u00e9r\u00e9s comme des articles non couverts par la garantie.<\/li><li>Pour les probl\u00e8mes non couverts par la garantie, tels que les dommages accidentels ou l'usure, des services de r\u00e9paration et de remplacement sont disponibles moyennant des frais. Les clients seront inform\u00e9s de tous les co\u00fbts \u00e0 l'avance.<\/li><\/ul>\t\t\t\t\t\t\t\t<\/div>\n\t\t\t\t<\/div>\n\t\t\t\t\t<\/div>\n\t\t\t\t<\/div>\n\t\t\t\t<\/div>","protected":false},"excerpt":{"rendered":"<p>All our products are covered with a full repair\/replacement warranty for 90 days dated by the original or copy of the original sales receipt.\u00a0MANIAX limited warranty covers all failures that result from manufacture defective material or workmanship. It does not cover misuse, abuse including &#8216;crash&#8217;, intentional or otherwise. Accessories such as a cooling fan, a [&hellip;]<\/p>\n","protected":false},"author":1,"featured_media":6103,"parent":0,"menu_order":0,"comment_status":"closed","ping_status":"closed","template":"","meta":{"_acf_changed":false,"footnotes":""},"class_list":["post-7693","page","type-page","status-publish","has-post-thumbnail","hentry"],"acf":[],"jetpack_sharing_enabled":true,"_links":{"self":[{"href":"https:\/\/maniaxuav.com\/fr\/wp-json\/wp\/v2\/pages\/7693","targetHints":{"allow":["GET"]}}],"collection":[{"href":"https:\/\/maniaxuav.com\/fr\/wp-json\/wp\/v2\/pages"}],"about":[{"href":"https:\/\/maniaxuav.com\/fr\/wp-json\/wp\/v2\/types\/page"}],"author":[{"embeddable":true,"href":"https:\/\/maniaxuav.com\/fr\/wp-json\/wp\/v2\/users\/1"}],"replies":[{"embeddable":true,"href":"https:\/\/maniaxuav.com\/fr\/wp-json\/wp\/v2\/comments?post=7693"}],"version-history":[{"count":7,"href":"https:\/\/maniaxuav.com\/fr\/wp-json\/wp\/v2\/pages\/7693\/revisions"}],"predecessor-version":[{"id":9244,"href":"https:\/\/maniaxuav.com\/fr\/wp-json\/wp\/v2\/pages\/7693\/revisions\/9244"}],"wp:featuredmedia":[{"embeddable":true,"href":"https:\/\/maniaxuav.com\/fr\/wp-json\/wp\/v2\/media\/6103"}],"wp:attachment":[{"href":"https:\/\/maniaxuav.com\/fr\/wp-json\/wp\/v2\/media?parent=7693"}],"curies":[{"name":"wp","href":"https:\/\/api.w.org\/{rel}","templated":true}]}}