{"id":7683,"date":"2025-07-25T10:55:26","date_gmt":"2025-07-25T08:55:26","guid":{"rendered":"https:\/\/maniaxuav.com\/?page_id=7683"},"modified":"2025-08-12T10:58:57","modified_gmt":"2025-08-12T08:58:57","slug":"politique-dexpedition","status":"publish","type":"page","link":"https:\/\/maniaxuav.com\/fr\/politique-dexpedition\/","title":{"rendered":"Politique d'exp\u00e9dition"},"content":{"rendered":"<div data-elementor-type=\"wp-page\" data-elementor-id=\"7683\" class=\"elementor elementor-7683\" data-elementor-post-type=\"page\">\n\t\t\t\t<div class=\"elementor-element elementor-element-7c61780 e-flex e-con-boxed e-con e-parent\" data-id=\"7c61780\" data-element_type=\"container\" data-e-type=\"container\" data-settings=\"{&quot;jet_parallax_layout_list&quot;:[]}\">\n\t\t\t\t\t<div class=\"e-con-inner\">\n\t\t\t\t<div class=\"elementor-element elementor-element-f91ed6b elementor-widget elementor-widget-text-editor\" data-id=\"f91ed6b\" data-element_type=\"widget\" data-e-type=\"widget\" data-widget_type=\"text-editor.default\">\n\t\t\t\t<div class=\"elementor-widget-container\">\n\t\t\t\t\t\t\t\t\t<p><strong>LIVRAISON \/ R\u00c9CEPTION<\/strong><\/p><p>Les produits sont livr\u00e9s \u00e0 l'adresse indiqu\u00e9e par le Client sur le bon de commande, par voie postale ou par transporteur priv\u00e9.<\/p><p><strong>1) Couverture des services<\/strong><\/p><p>Maniax UAV livre dans les r\u00e9gions\/pays suivants :<\/p><ul><li>France m\u00e9tropolitaine<\/li><li>Pays de l'Union europ\u00e9enne<\/li><li>Royaume-Uni<\/li><li>Certains pays d'Asie et d'Afrique.<\/li><\/ul><p>Il incombe aux clients de v\u00e9rifier que la livraison dans leur r\u00e9gion est prise en charge au moment de l'achat.<\/p><p><strong>2) D\u00e9lais<\/strong><\/p><p><strong>D\u00e9lai de traitement des commandes<\/strong><\/p><p>Les commandes sont exp\u00e9di\u00e9es dans un d\u00e9lai de <strong>1-3 jours ouvrables<\/strong> apr\u00e8s confirmation de la commande et r\u00e9ception du paiement.<\/p><p><strong>Logistique \/ Temps de transit<\/strong><\/p><ul><li><strong>France m\u00e9tropolitaine<\/strong>2 \u00e0 5 jours ouvrables apr\u00e8s l'exp\u00e9dition<\/li><li><strong>Pays de l'UE<\/strong>: 3-7 jours ouvrables apr\u00e8s l'exp\u00e9dition<\/li><li><strong>Royaume-Uni<\/strong>: 3-8 jours ouvrables apr\u00e8s l'exp\u00e9dition<\/li><li><strong>Autres r\u00e9gions<\/strong>7-15 jours ouvrables en fonction de la localisation et des douanes<\/li><\/ul><p><strong>\u00a0<\/strong><\/p><p><strong>D\u00e9lai de livraison total<\/strong><\/p><p>Temps de traitement + temps de transit.<br \/>Par exemple : Pour la France - <strong>3-8 jours ouvrables<\/strong> au total.<\/p><p>Les d\u00e9lais de livraison sont indicatifs sauf si Maniax UAV s'engage explicitement par \u00e9crit sur des dates de livraison fermes. En cas de retard pr\u00e9visible, Maniax UAV notifiera au client une estimation du d\u00e9lai de livraison r\u00e9vis\u00e9.<\/p><p><strong>3) Frais d'exp\u00e9dition<\/strong><\/p><ul><li><strong>France<\/strong>: \u20ac15-\u20ac20<\/li><li><strong>Pays de l'UE<\/strong>: \u20ac20-\u20ac40<\/li><li><strong>ROYAUME-UNI<\/strong>: \u20ac15-\u20ac30<\/li><li><strong>Autres pays<\/strong>: calcul\u00e9e \u00e0 la caisse en fonction de la localisation et du transporteur<\/li><\/ul><p>Si le client souhaite deux (2) lieux de livraison, il doit passer deux (2) commandes distinctes avec les frais d'exp\u00e9dition correspondants.<\/p><p><strong>4) Imp\u00f4ts<\/strong><\/p><ul><li><strong>Les prix de commande incluent la TVA<\/strong> pour les livraisons dans l'Union europ\u00e9enne.<\/li><li>Pour <strong>pays non membres de l'UE<\/strong>La TVA et les droits de douane \u00e9ventuels sont <strong>non inclus<\/strong> dans le prix d'achat.<br \/><strong>Le client supporte tous les droits d'importation, taxes et frais de d\u00e9douanement applicables.<\/strong> conform\u00e9ment aux r\u00e9glementations locales.<\/li><\/ul><p><strong>\u00a0<\/strong><\/p><p><strong>Conditions de livraison\/r\u00e9ception<\/strong><\/p><p>Le client est tenu de garantir personnellement la r\u00e9ception des produits command\u00e9s. Le client s'engage \u00e0 signer la r\u00e9ception des produits.<\/p><p>Il appartient au Client de v\u00e9rifier l'\u00e9tat des produits le jour de la r\u00e9ception. Toute contestation ou r\u00e9serve doit \u00eatre port\u00e9e sur le bon de livraison sign\u00e9 par le transporteur et confirm\u00e9e par lettre recommand\u00e9e avec accus\u00e9 de r\u00e9ception dans les quarante-huit (48) heures. Une copie doit \u00eatre adress\u00e9e \u00e0 Maniax UAV. Toute anomalie devra \u00eatre signal\u00e9e dans les conditions de l'article 10.<\/p><p>En cas de probl\u00e8mes de disponibilit\u00e9, une commande peut \u00eatre scind\u00e9e en plusieurs envois. Le client ne sera factur\u00e9 que pour un seul frais de livraison.<\/p><p>En cas d'inex\u00e9cution dans un d\u00e9lai de trente (30) jours, le client peut envoyer une lettre recommand\u00e9e \u00e0 Maniax UAV pour demander l'ex\u00e9cution du contrat. En cas de non-ex\u00e9cution, le Client peut r\u00e9silier le contrat et recevoir un remboursement complet dans les quatorze (14) jours.<\/p>\t\t\t\t\t\t\t\t<\/div>\n\t\t\t\t<\/div>\n\t\t\t\t\t<\/div>\n\t\t\t\t<\/div>\n\t\t\t\t<\/div>","protected":false},"excerpt":{"rendered":"<p>DELIVERY \/ RECEIPT The products are delivered to the address indicated by the Customer on the order form, by post or by private carrier. 1) Service Coverage Maniax UAV delivers to the following regions\/countries: Mainland France European Union countries United Kingdom Selected countries in Asia and Africa. Customers are responsible for verifying that delivery to [&hellip;]<\/p>\n","protected":false},"author":1,"featured_media":6103,"parent":0,"menu_order":0,"comment_status":"closed","ping_status":"closed","template":"","meta":{"_acf_changed":false,"footnotes":""},"class_list":["post-7683","page","type-page","status-publish","has-post-thumbnail","hentry"],"acf":[],"jetpack_sharing_enabled":true,"_links":{"self":[{"href":"https:\/\/maniaxuav.com\/fr\/wp-json\/wp\/v2\/pages\/7683","targetHints":{"allow":["GET"]}}],"collection":[{"href":"https:\/\/maniaxuav.com\/fr\/wp-json\/wp\/v2\/pages"}],"about":[{"href":"https:\/\/maniaxuav.com\/fr\/wp-json\/wp\/v2\/types\/page"}],"author":[{"embeddable":true,"href":"https:\/\/maniaxuav.com\/fr\/wp-json\/wp\/v2\/users\/1"}],"replies":[{"embeddable":true,"href":"https:\/\/maniaxuav.com\/fr\/wp-json\/wp\/v2\/comments?post=7683"}],"version-history":[{"count":7,"href":"https:\/\/maniaxuav.com\/fr\/wp-json\/wp\/v2\/pages\/7683\/revisions"}],"predecessor-version":[{"id":9235,"href":"https:\/\/maniaxuav.com\/fr\/wp-json\/wp\/v2\/pages\/7683\/revisions\/9235"}],"wp:featuredmedia":[{"embeddable":true,"href":"https:\/\/maniaxuav.com\/fr\/wp-json\/wp\/v2\/media\/6103"}],"wp:attachment":[{"href":"https:\/\/maniaxuav.com\/fr\/wp-json\/wp\/v2\/media?parent=7683"}],"curies":[{"name":"wp","href":"https:\/\/api.w.org\/{rel}","templated":true}]}}