{"id":173,"date":"2024-11-18T11:18:07","date_gmt":"2024-11-18T10:18:07","guid":{"rendered":"https:\/\/hobbywinguav.com\/?page_id=173"},"modified":"2025-07-28T08:51:02","modified_gmt":"2025-07-28T06:51:02","slug":"a-propos-de-nous","status":"publish","type":"page","link":"https:\/\/maniaxuav.com\/fr\/a-propos-de-nous\/","title":{"rendered":"A propos de nous"},"content":{"rendered":"<div data-elementor-type=\"wp-page\" data-elementor-id=\"173\" class=\"elementor elementor-173\" data-elementor-post-type=\"page\">\n\t\t\t\t<div class=\"elementor-element elementor-element-df9ce47 e-flex e-con-boxed e-con e-parent\" data-id=\"df9ce47\" data-element_type=\"container\" data-e-type=\"container\" data-settings=\"{&quot;jet_parallax_layout_list&quot;:[]}\">\n\t\t\t\t\t<div class=\"e-con-inner\">\n\t\t\t\t<div class=\"elementor-element elementor-element-0d6aafc elementor-widget elementor-widget-heading\" data-id=\"0d6aafc\" data-element_type=\"widget\" data-e-type=\"widget\" data-widget_type=\"heading.default\">\n\t\t\t\t<div class=\"elementor-widget-container\">\n\t\t\t\t\t<h1 class=\"elementor-heading-title elementor-size-default\">\u00c0 propos de l'entreprise<\/h1>\t\t\t\t<\/div>\n\t\t\t\t<\/div>\n\t\t\t\t\t<\/div>\n\t\t\t\t<\/div>\n\t\t<div class=\"elementor-element elementor-element-7c9415f e-flex e-con-boxed e-con e-parent\" data-id=\"7c9415f\" data-element_type=\"container\" data-e-type=\"container\" data-settings=\"{&quot;jet_parallax_layout_list&quot;:[]}\">\n\t\t\t\t\t<div class=\"e-con-inner\">\n\t\t<div class=\"elementor-element elementor-element-649cde4 e-con-full e-flex e-con e-child\" data-id=\"649cde4\" data-element_type=\"container\" data-e-type=\"container\" data-settings=\"{&quot;jet_parallax_layout_list&quot;:[]}\">\n\t\t\t\t<div class=\"elementor-element elementor-element-f04f354 elementor-widget__width-inherit elementor-widget elementor-widget-text-editor\" data-id=\"f04f354\" data-element_type=\"widget\" data-e-type=\"widget\" data-widget_type=\"text-editor.default\">\n\t\t\t\t<div class=\"elementor-widget-container\">\n\t\t\t\t\t\t\t\t\t<p style=\"font-weight: 400;\"><strong>Alimenter l'avenir des drones - Batteries haute performance con\u00e7ues pour les applications critiques<\/strong><\/p><p style=\"font-weight: 400;\">Fond\u00e9e en 2005, <strong>ManiaX Power Technology Co.<\/strong> est pass\u00e9 du statut de leader dans le domaine des piles pour mod\u00e8les RC \u00e0 celui de leader dans le domaine des piles pour mod\u00e8les RC. <strong>fabricant mondial de syst\u00e8mes \u00e9nerg\u00e9tiques avanc\u00e9s \u00e0 base de lithium<\/strong> pour les drones, les eVTOL, les drones \u00e0 voilure fixe et d'autres plates-formes industrielles. Les professionnels du monde entier font confiance \u00e0 nos solutions, qui sont con\u00e7ues pour la performance, l'endurance et la s\u00e9curit\u00e9.<\/p><p style=\"font-weight: 400;\">Aujourd'hui, ManiaX op\u00e8re plus de <strong>71 000 m\u00b2 d'installations de production<\/strong>avec une \u00e9quipe d\u00e9vou\u00e9e de <strong>460 employ\u00e9s<\/strong>, dont plus de <strong>50 ing\u00e9nieurs R&amp;D<\/strong> ax\u00e9e sur l'innovation en mati\u00e8re de batteries. Nous fabriquons nos propres cellules et packs, ce qui nous permet de personnaliser compl\u00e8tement chaque composant - tension, capacit\u00e9, BMS, connecteurs, bo\u00eetier et format - pour r\u00e9pondre aux besoins de votre mission.<\/p>\t\t\t\t\t\t\t\t<\/div>\n\t\t\t\t<\/div>\n\t\t\t\t<div class=\"elementor-element elementor-element-c423a07 dce_masking-none elementor-widget elementor-widget-image\" data-id=\"c423a07\" data-element_type=\"widget\" data-e-type=\"widget\" data-widget_type=\"image.default\">\n\t\t\t\t<div class=\"elementor-widget-container\">\n\t\t\t\t\t\t\t\t\t\t\t\t\t\t\t<img fetchpriority=\"high\" decoding=\"async\" width=\"768\" height=\"512\" src=\"https:\/\/maniaxuav.com\/wp-content\/uploads\/2025\/05\/bannere158f22f85d346f9baaf7fae4ecb18ca-768x512.jpg\" class=\"attachment-medium_large size-medium_large wp-image-4209\" alt=\"\" srcset=\"https:\/\/maniaxuav.com\/wp-content\/uploads\/2025\/05\/bannere158f22f85d346f9baaf7fae4ecb18ca-768x512.jpg 768w, https:\/\/maniaxuav.com\/wp-content\/uploads\/2025\/05\/bannere158f22f85d346f9baaf7fae4ecb18ca-300x200.jpg 300w, https:\/\/maniaxuav.com\/wp-content\/uploads\/2025\/05\/bannere158f22f85d346f9baaf7fae4ecb18ca-1024x683.jpg 1024w, https:\/\/maniaxuav.com\/wp-content\/uploads\/2025\/05\/bannere158f22f85d346f9baaf7fae4ecb18ca-1536x1024.jpg 1536w, https:\/\/maniaxuav.com\/wp-content\/uploads\/2025\/05\/bannere158f22f85d346f9baaf7fae4ecb18ca-18x12.jpg 18w, https:\/\/maniaxuav.com\/wp-content\/uploads\/2025\/05\/bannere158f22f85d346f9baaf7fae4ecb18ca-600x400.jpg 600w, https:\/\/maniaxuav.com\/wp-content\/uploads\/2025\/05\/bannere158f22f85d346f9baaf7fae4ecb18ca.jpg 1680w\" sizes=\"(max-width: 768px) 100vw, 768px\" \/>\t\t\t\t\t\t\t\t\t\t\t\t\t\t\t<\/div>\n\t\t\t\t<\/div>\n\t\t\t\t<div class=\"elementor-element elementor-element-164b097 elementor-widget elementor-widget-heading\" data-id=\"164b097\" data-element_type=\"widget\" data-e-type=\"widget\" data-widget_type=\"heading.default\">\n\t\t\t\t<div class=\"elementor-widget-container\">\n\t\t\t\t\t<h2 class=\"elementor-heading-title elementor-size-default\">Une gamme compl\u00e8te pour les applications professionnelles des drones<\/h2>\t\t\t\t<\/div>\n\t\t\t\t<\/div>\n\t\t\t\t<div class=\"elementor-element elementor-element-3832f4a elementor-widget__width-inherit elementor-widget elementor-widget-text-editor\" data-id=\"3832f4a\" data-element_type=\"widget\" data-e-type=\"widget\" data-widget_type=\"text-editor.default\">\n\t\t\t\t<div class=\"elementor-widget-container\">\n\t\t\t\t\t\t\t\t\t<p style=\"font-weight: 400;\">De <strong>drones agricoles<\/strong>, <strong>lev\u00e9s a\u00e9riens<\/strong>et <strong>drones tactiques<\/strong>, \u00e0 <strong>livraison de marchandises<\/strong>, <strong>robots de surface<\/strong>et <strong>Plateformes eVTOL<\/strong>ManiaX fournit des batteries avec :<\/p><ul style=\"font-weight: 400;\"><li><strong>+30-35% densit\u00e9 \u00e9nerg\u00e9tique plus \u00e9lev\u00e9e<\/strong><\/li><li><strong>Dur\u00e9e de vie \u2265800 cycles<\/strong><\/li><li><strong>Chargement rapide (2C-5C) et faible r\u00e9sistance interne<\/strong><\/li><li><strong>Excellentes performances sur une large plage de temp\u00e9ratures (-30\u00b0C \u00e0 55\u00b0C)<\/strong><\/li><li><strong>Plusieurs options de tension : 4,2V \/ 4,35V \/ 4,4V<\/strong><\/li><li><strong>Smart BMS et conceptions \u00e0 l'\u00e9tat solide en option<\/strong><\/li><\/ul><p style=\"font-weight: 400;\">Tous les produits sont rigoureusement test\u00e9s et certifi\u00e9s pour <strong>CE, RoHS, UN38.3, ISO9001<\/strong>et <strong>ISO14001<\/strong> y compris les tests de vibration, de chute, de choc thermique et d'endurance au cycle.<\/p>\t\t\t\t\t\t\t\t<\/div>\n\t\t\t\t<\/div>\n\t\t\t\t<div class=\"elementor-element elementor-element-4d010dc dce_masking-none elementor-widget elementor-widget-image\" data-id=\"4d010dc\" data-element_type=\"widget\" data-e-type=\"widget\" data-widget_type=\"image.default\">\n\t\t\t\t<div class=\"elementor-widget-container\">\n\t\t\t\t\t\t\t\t\t\t\t\t\t\t\t<img decoding=\"async\" width=\"768\" height=\"290\" src=\"https:\/\/maniaxuav.com\/wp-content\/uploads\/2024\/11\/20dcb08ccfab5841f6b4e307b8ff8496-768x290.jpg\" class=\"attachment-medium_large size-medium_large wp-image-9170\" alt=\"\" srcset=\"https:\/\/maniaxuav.com\/wp-content\/uploads\/2024\/11\/20dcb08ccfab5841f6b4e307b8ff8496-768x290.jpg 768w, https:\/\/maniaxuav.com\/wp-content\/uploads\/2024\/11\/20dcb08ccfab5841f6b4e307b8ff8496-300x113.jpg 300w, https:\/\/maniaxuav.com\/wp-content\/uploads\/2024\/11\/20dcb08ccfab5841f6b4e307b8ff8496-1024x387.jpg 1024w, https:\/\/maniaxuav.com\/wp-content\/uploads\/2024\/11\/20dcb08ccfab5841f6b4e307b8ff8496-1536x580.jpg 1536w, https:\/\/maniaxuav.com\/wp-content\/uploads\/2024\/11\/20dcb08ccfab5841f6b4e307b8ff8496-2048x774.jpg 2048w, https:\/\/maniaxuav.com\/wp-content\/uploads\/2024\/11\/20dcb08ccfab5841f6b4e307b8ff8496-18x7.jpg 18w, https:\/\/maniaxuav.com\/wp-content\/uploads\/2024\/11\/20dcb08ccfab5841f6b4e307b8ff8496-600x227.jpg 600w\" sizes=\"(max-width: 768px) 100vw, 768px\" \/>\t\t\t\t\t\t\t\t\t\t\t\t\t\t\t<\/div>\n\t\t\t\t<\/div>\n\t\t\t\t<div class=\"elementor-element elementor-element-64bb7f3 dce_masking-none elementor-widget elementor-widget-image\" data-id=\"64bb7f3\" data-element_type=\"widget\" data-e-type=\"widget\" data-widget_type=\"image.default\">\n\t\t\t\t<div class=\"elementor-widget-container\">\n\t\t\t\t\t\t\t\t\t\t\t\t\t\t\t<img decoding=\"async\" width=\"768\" height=\"290\" src=\"https:\/\/maniaxuav.com\/wp-content\/uploads\/2025\/07\/90bdce2e2b0c1d328e1a33d5a70ad933-768x290.jpg\" class=\"attachment-medium_large size-medium_large wp-image-9165\" alt=\"\" srcset=\"https:\/\/maniaxuav.com\/wp-content\/uploads\/2025\/07\/90bdce2e2b0c1d328e1a33d5a70ad933-768x290.jpg 768w, https:\/\/maniaxuav.com\/wp-content\/uploads\/2025\/07\/90bdce2e2b0c1d328e1a33d5a70ad933-300x113.jpg 300w, https:\/\/maniaxuav.com\/wp-content\/uploads\/2025\/07\/90bdce2e2b0c1d328e1a33d5a70ad933-1024x387.jpg 1024w, https:\/\/maniaxuav.com\/wp-content\/uploads\/2025\/07\/90bdce2e2b0c1d328e1a33d5a70ad933-1536x580.jpg 1536w, https:\/\/maniaxuav.com\/wp-content\/uploads\/2025\/07\/90bdce2e2b0c1d328e1a33d5a70ad933-2048x774.jpg 2048w, https:\/\/maniaxuav.com\/wp-content\/uploads\/2025\/07\/90bdce2e2b0c1d328e1a33d5a70ad933-18x7.jpg 18w, https:\/\/maniaxuav.com\/wp-content\/uploads\/2025\/07\/90bdce2e2b0c1d328e1a33d5a70ad933-600x227.jpg 600w\" sizes=\"(max-width: 768px) 100vw, 768px\" \/>\t\t\t\t\t\t\t\t\t\t\t\t\t\t\t<\/div>\n\t\t\t\t<\/div>\n\t\t\t\t<div class=\"elementor-element elementor-element-8205d89 elementor-widget elementor-widget-heading\" data-id=\"8205d89\" data-element_type=\"widget\" data-e-type=\"widget\" data-widget_type=\"heading.default\">\n\t\t\t\t<div class=\"elementor-widget-container\">\n\t\t\t\t\t<h2 class=\"elementor-heading-title elementor-size-default\">ManiaX Europe - Votre partenaire local<\/h2>\t\t\t\t<\/div>\n\t\t\t\t<\/div>\n\t\t\t\t<div class=\"elementor-element elementor-element-5353d72 elementor-widget__width-inherit elementor-widget elementor-widget-text-editor\" data-id=\"5353d72\" data-element_type=\"widget\" data-e-type=\"widget\" data-widget_type=\"text-editor.default\">\n\t\t\t\t<div class=\"elementor-widget-container\">\n\t\t\t\t\t\t\t\t\t<p style=\"font-weight: 400;\">R\u00e9pondre \u00e0 la demande croissante du secteur europ\u00e9en des drones, <strong>ManiaX Europe a \u00e9t\u00e9 lanc\u00e9 en 2024<\/strong> en tant que <strong>extension directe de notre usine<\/strong>n'est pas un distributeur tiers. Nous fournissons :<\/p><ul style=\"font-weight: 400;\"><li><strong>Stock europ\u00e9en<\/strong> pour une livraison rapide sans probl\u00e8mes de douane ou de TVA<\/li><li>A <strong>\u00e9quipe multilingue<\/strong> d'ing\u00e9nieurs, de pilotes de drones et de d\u00e9veloppeurs<\/li><li><strong>Soutien \u00e0 l'int\u00e9gration OEM<\/strong> et un retour d'information direct \u00e0 la R&amp;D<\/li><li><strong>Conseils techniques sur place<\/strong> et la formation<\/li><\/ul><p style=\"font-weight: 400;\">Nos activit\u00e9s europ\u00e9ennes nous permettent de <strong>travailler main dans la main avec les fabricants et les int\u00e9grateurs<\/strong> afin de d\u00e9velopper conjointement des solutions de batteries optimis\u00e9es et d'assurer un d\u00e9ploiement sans faille sur le terrain.<\/p>\t\t\t\t\t\t\t\t<\/div>\n\t\t\t\t<\/div>\n\t\t\t\t<\/div>\n\t\t\t\t\t<\/div>\n\t\t\t\t<\/div>\n\t\t\t\t<\/div>","protected":false},"excerpt":{"rendered":"<p>About the Company Powering the Future of UAVs \u2013 High-Performance Batteries Engineered for Mission-Critical Applications Founded in 2005, ManiaX Power Technology Co., Ltd. has evolved from a leader in RC model batteries to a global manufacturer of advanced lithium-based energy systems for UAVs, eVTOLs, fixed-wing drones, and other industrial platforms. Trusted by professionals worldwide, our [&hellip;]<\/p>\n","protected":false},"author":1,"featured_media":6103,"parent":0,"menu_order":0,"comment_status":"closed","ping_status":"closed","template":"","meta":{"_acf_changed":false,"footnotes":""},"class_list":["post-173","page","type-page","status-publish","has-post-thumbnail","hentry"],"acf":[],"jetpack_sharing_enabled":true,"_links":{"self":[{"href":"https:\/\/maniaxuav.com\/fr\/wp-json\/wp\/v2\/pages\/173","targetHints":{"allow":["GET"]}}],"collection":[{"href":"https:\/\/maniaxuav.com\/fr\/wp-json\/wp\/v2\/pages"}],"about":[{"href":"https:\/\/maniaxuav.com\/fr\/wp-json\/wp\/v2\/types\/page"}],"author":[{"embeddable":true,"href":"https:\/\/maniaxuav.com\/fr\/wp-json\/wp\/v2\/users\/1"}],"replies":[{"embeddable":true,"href":"https:\/\/maniaxuav.com\/fr\/wp-json\/wp\/v2\/comments?post=173"}],"version-history":[{"count":130,"href":"https:\/\/maniaxuav.com\/fr\/wp-json\/wp\/v2\/pages\/173\/revisions"}],"predecessor-version":[{"id":9190,"href":"https:\/\/maniaxuav.com\/fr\/wp-json\/wp\/v2\/pages\/173\/revisions\/9190"}],"wp:featuredmedia":[{"embeddable":true,"href":"https:\/\/maniaxuav.com\/fr\/wp-json\/wp\/v2\/media\/6103"}],"wp:attachment":[{"href":"https:\/\/maniaxuav.com\/fr\/wp-json\/wp\/v2\/media?parent=173"}],"curies":[{"name":"wp","href":"https:\/\/api.w.org\/{rel}","templated":true}]}}