{"id":7693,"date":"2025-07-25T10:58:35","date_gmt":"2025-07-25T08:58:35","guid":{"rendered":"https:\/\/maniaxuav.com\/?page_id=7693"},"modified":"2025-08-12T11:01:19","modified_gmt":"2025-08-12T09:01:19","slug":"servicio-de-reparacion-y-sustitucion","status":"publish","type":"page","link":"https:\/\/maniaxuav.com\/es\/servicio-de-reparacion-y-sustitucion\/","title":{"rendered":"Servicio de reparaci\u00f3n y sustituci\u00f3n"},"content":{"rendered":"<div data-elementor-type=\"wp-page\" data-elementor-id=\"7693\" class=\"elementor elementor-7693\" data-elementor-post-type=\"page\">\n\t\t\t\t<div class=\"elementor-element elementor-element-2f83eb0 e-flex e-con-boxed e-con e-parent\" data-id=\"2f83eb0\" data-element_type=\"container\" data-e-type=\"container\" data-settings=\"{&quot;jet_parallax_layout_list&quot;:[]}\">\n\t\t\t\t\t<div class=\"e-con-inner\">\n\t\t\t\t<div class=\"elementor-element elementor-element-4aed718 elementor-widget elementor-widget-text-editor\" data-id=\"4aed718\" data-element_type=\"widget\" data-e-type=\"widget\" data-widget_type=\"text-editor.default\">\n\t\t\t\t<div class=\"elementor-widget-container\">\n\t\t\t\t\t\t\t\t\t<p>Todos nuestros productos est\u00e1n cubiertos por una garant\u00eda completa de reparaci\u00f3n\/sustituci\u00f3n de 90 d\u00edas fechada con el original o una copia del recibo de compra original.\u00a0<u>La garant\u00eda limitada MANIAX cubre todos los fallos que resulten de la fabricaci\u00f3n de materiales o mano de obra defectuosos.<\/u>. No cubre el mal uso, el abuso, incluido el \"choque\", intencionado o no. Los accesorios como un ventilador de refrigeraci\u00f3n, un interruptor, cables quedan fuera de los t\u00e9rminos de la garant\u00eda (a menos que llegue da\u00f1ado).<\/p><p>Los malos tratos incluyen, entre otros, los siguientes:<\/p><ul><li>Utilizaci\u00f3n del sistema fuera de su uso previsto.\u00a0<\/li><li>Da\u00f1os resultantes de la colisi\u00f3n de un veh\u00edculo, da\u00f1os accidentales por factores externos, cableado incorrecto, sobretensi\u00f3n, sobrecarga, engranaje o apuntalamiento inadecuados (sobrecarga), selecci\u00f3n inadecuada del motor, ajustes incorrectos, bater\u00edas o conectores insuficientes y\/o uniones soldadas deficientes en los conectores.\u00a0<\/li><\/ul><p>Nota: Utilizaci\u00f3n de un programador fuera de sus especificaciones de rendimiento previstas (funcionamiento fuera de la tensi\u00f3n\/corriente MAX, engranaje o aplicaci\u00f3n\/veh\u00edculo incorrectos). Da\u00f1os f\u00edsicos incluyendo choques y sumersi\u00f3n en agua. Modificaci\u00f3n del controlador, como soldar en un controlador, pegar elementos en el controlador, encapsular el controlador, etc. No hay piezas reparables por el usuario en estos controladores, no recomendamos intentos de reparaci\u00f3n o soldadura en la placa.<\/p><p>En resumen, cualquier cosa que pueda considerarse abuso no est\u00e1 cubierta por la garant\u00eda.<\/p><p>Nuestra responsabilidad de garant\u00eda limitada se limitar\u00e1 a la reparaci\u00f3n o sustituci\u00f3n de la unidad seg\u00fan las especificaciones originales de MANIAX. Dado que no tenemos ning\u00fan control sobre la instalaci\u00f3n o el uso de este producto, en ning\u00fan caso seremos responsables de los da\u00f1os.  Los art\u00edculos de sustituci\u00f3n en garant\u00eda no son reembolsables ni intercambiables.<\/p><p>Adem\u00e1s, estos art\u00edculos anulan la garant\u00eda y requieren informaci\u00f3n de facturaci\u00f3n - Sin excepci\u00f3n:<\/p><ul><li>Utilizar el control de velocidad en una aplicaci\u00f3n para la que no estaba clasificado.<\/li><li>Superar las especificaciones del producto.<\/li><li>Desactivar la PROTECCI\u00d3N CONTRA SOBRECALENTAMIENTO DEL ESC o la PROTECCI\u00d3N CONTRA SOBRECALENTAMIENTO DEL MOTOR.<\/li><li>Permitir la entrada de agua o humedad en el regulador de velocidad. (Excepto ESC a prueba de agua)<\/li><li>Cableado incorrecto o uso no conforme con las instrucciones.<\/li><li>Utilizaci\u00f3n de conectores de polaridad incorrecta en los cables de la bater\u00eda y del motor procedentes del regulador de velocidad.<\/li><li>No se coloca el condensador suministrado o se confirma que el condensador o condensadores est\u00e1n da\u00f1ados.<\/li><li>Se confirma que los MOSFET y\/o la(s) placa(s) de fase est\u00e1n da\u00f1ados por la sobrecarga de corriente (i)<\/li><li>La garant\u00eda se aplica \u00fanicamente al comprador original del producto. La garant\u00eda no es transferible.<\/li><li>No incluir un recibo que demuestre la fecha de compra.<\/li><li>Productos MANIAX descatalogados.<\/li><li>Producto(s) adquirido(s) a un distribuidor no autorizado \u00a0<a href=\"http:\/\/www.falconsekido.com\/pages\/authorized-dealer\" target=\"_blank\" rel=\"noopener\">Consulte la lista de distribuidores autorizados en Norteam\u00e9rica<\/a>. La compra de los minoristas de Hong Kong y los vendedores de eBay que no siguen la pol\u00edtica MANIAX MAP considere art\u00edculo sin garant\u00eda.<\/li><li>Para los problemas no cubiertos por la garant\u00eda, como los da\u00f1os accidentales o el desgaste, se ofrecen servicios de reparaci\u00f3n y sustituci\u00f3n previo pago. Se informar\u00e1 a los clientes de todos los costes por adelantado.<\/li><\/ul>\t\t\t\t\t\t\t\t<\/div>\n\t\t\t\t<\/div>\n\t\t\t\t\t<\/div>\n\t\t\t\t<\/div>\n\t\t\t\t<\/div>","protected":false},"excerpt":{"rendered":"<p>All our products are covered with a full repair\/replacement warranty for 90 days dated by the original or copy of the original sales receipt.\u00a0MANIAX limited warranty covers all failures that result from manufacture defective material or workmanship. It does not cover misuse, abuse including &#8216;crash&#8217;, intentional or otherwise. Accessories such as a cooling fan, a [&hellip;]<\/p>\n","protected":false},"author":1,"featured_media":6103,"parent":0,"menu_order":0,"comment_status":"closed","ping_status":"closed","template":"","meta":{"_acf_changed":false,"footnotes":""},"class_list":["post-7693","page","type-page","status-publish","has-post-thumbnail","hentry"],"acf":[],"jetpack_sharing_enabled":true,"_links":{"self":[{"href":"https:\/\/maniaxuav.com\/es\/wp-json\/wp\/v2\/pages\/7693","targetHints":{"allow":["GET"]}}],"collection":[{"href":"https:\/\/maniaxuav.com\/es\/wp-json\/wp\/v2\/pages"}],"about":[{"href":"https:\/\/maniaxuav.com\/es\/wp-json\/wp\/v2\/types\/page"}],"author":[{"embeddable":true,"href":"https:\/\/maniaxuav.com\/es\/wp-json\/wp\/v2\/users\/1"}],"replies":[{"embeddable":true,"href":"https:\/\/maniaxuav.com\/es\/wp-json\/wp\/v2\/comments?post=7693"}],"version-history":[{"count":7,"href":"https:\/\/maniaxuav.com\/es\/wp-json\/wp\/v2\/pages\/7693\/revisions"}],"predecessor-version":[{"id":9244,"href":"https:\/\/maniaxuav.com\/es\/wp-json\/wp\/v2\/pages\/7693\/revisions\/9244"}],"wp:featuredmedia":[{"embeddable":true,"href":"https:\/\/maniaxuav.com\/es\/wp-json\/wp\/v2\/media\/6103"}],"wp:attachment":[{"href":"https:\/\/maniaxuav.com\/es\/wp-json\/wp\/v2\/media?parent=7693"}],"curies":[{"name":"wp","href":"https:\/\/api.w.org\/{rel}","templated":true}]}}