{"id":7683,"date":"2025-07-25T10:55:26","date_gmt":"2025-07-25T08:55:26","guid":{"rendered":"https:\/\/maniaxuav.com\/?page_id=7683"},"modified":"2025-08-12T10:58:57","modified_gmt":"2025-08-12T08:58:57","slug":"politica-de-envios","status":"publish","type":"page","link":"https:\/\/maniaxuav.com\/es\/politica-de-envios\/","title":{"rendered":"Pol\u00edtica de env\u00edos"},"content":{"rendered":"<div data-elementor-type=\"wp-page\" data-elementor-id=\"7683\" class=\"elementor elementor-7683\" data-elementor-post-type=\"page\">\n\t\t\t\t<div class=\"elementor-element elementor-element-7c61780 e-flex e-con-boxed e-con e-parent\" data-id=\"7c61780\" data-element_type=\"container\" data-e-type=\"container\" data-settings=\"{&quot;jet_parallax_layout_list&quot;:[]}\">\n\t\t\t\t\t<div class=\"e-con-inner\">\n\t\t\t\t<div class=\"elementor-element elementor-element-f91ed6b elementor-widget elementor-widget-text-editor\" data-id=\"f91ed6b\" data-element_type=\"widget\" data-e-type=\"widget\" data-widget_type=\"text-editor.default\">\n\t\t\t\t<div class=\"elementor-widget-container\">\n\t\t\t\t\t\t\t\t\t<p><strong>ENTREGA \/ RECEPCI\u00d3N<\/strong><\/p><p>Los productos se entregan en la direcci\u00f3n indicada por el Cliente en el formulario de pedido, por correo o por transportista privado.<\/p><p><strong>1) Cobertura del servicio<\/strong><\/p><p>Maniax UAV realiza entregas en las siguientes regiones\/pa\u00edses:<\/p><ul><li>Francia continental<\/li><li>Pa\u00edses de la Uni\u00f3n Europea<\/li><li>Reino Unido<\/li><li>Pa\u00edses seleccionados de Asia y \u00c1frica.<\/li><\/ul><p>Los clientes son responsables de verificar que se admite la entrega en su regi\u00f3n en el momento de la compra.<\/p><p><strong>2) Plazos<\/strong><\/p><p><strong>Tiempo de tramitaci\u00f3n del pedido<\/strong><\/p><p>Los pedidos se env\u00edan en un plazo de <strong>1-3 d\u00edas laborables<\/strong> tras la confirmaci\u00f3n del pedido y la recepci\u00f3n del pago.<\/p><p><strong>Log\u00edstica \/ Tiempo de tr\u00e1nsito<\/strong><\/p><ul><li><strong>Francia continental<\/strong>2-5 d\u00edas laborables despu\u00e9s del env\u00edo<\/li><li><strong>Pa\u00edses de la UE<\/strong>: 3-7 d\u00edas laborables despu\u00e9s del env\u00edo<\/li><li><strong>Reino Unido<\/strong>: 3-8 d\u00edas laborables despu\u00e9s del env\u00edo<\/li><li><strong>Otras regiones<\/strong>7-15 d\u00edas laborables dependiendo de la ubicaci\u00f3n y las aduanas<\/li><\/ul><p><strong>\u00a0<\/strong><\/p><p><strong>Plazo total de entrega<\/strong><\/p><p>Tiempo de procesamiento + tiempo de tr\u00e1nsito.<br \/>Por ejemplo: Para Francia - <strong>3-8 d\u00edas laborables<\/strong> en total.<\/p><p>Los plazos de entrega son indicativos, a menos que Maniax UAV se comprometa expl\u00edcitamente por escrito a fechas de entrega en firme. En caso de retraso previsible, Maniax UAV notificar\u00e1 al Cliente un plazo de entrega revisado estimado.<\/p><p><strong>3) Gastos de env\u00edo<\/strong><\/p><ul><li><strong>Francia<\/strong>: \u20ac15-\u20ac20<\/li><li><strong>Pa\u00edses de la UE<\/strong>: \u20ac20-\u20ac40<\/li><li><strong>REINO UNIDO<\/strong>: \u20ac15-\u20ac30<\/li><li><strong>Otros pa\u00edses<\/strong>calculado en el momento de la compra en funci\u00f3n de la ubicaci\u00f3n y el transportista<\/li><\/ul><p>Si el Cliente desea dos (2) lugares de entrega, deber\u00e1 realizar dos (2) pedidos por separado con sus correspondientes gastos de env\u00edo.<\/p><p><strong>4) Impuestos<\/strong><\/p><ul><li><strong>Los precios de los pedidos incluyen el IVA<\/strong> para entregas dentro de la Uni\u00f3n Europea.<\/li><li>Para <strong>pa\u00edses no pertenecientes a la UE<\/strong>El IVA y los posibles derechos de aduana son <strong>no incluido<\/strong> en el precio de compra.<br \/><strong>El cliente correr\u00e1 con todos los derechos de importaci\u00f3n, impuestos y tasas de despacho de aduanas aplicables.<\/strong> seg\u00fan la normativa local.<\/li><\/ul><p><strong>\u00a0<\/strong><\/p><p><strong>Condiciones de entrega\/recepci\u00f3n<\/strong><\/p><p>El Cliente est\u00e1 obligado a garantizar personalmente la recepci\u00f3n de los productos pedidos. El Cliente se compromete a firmar la recepci\u00f3n de los productos.<\/p><p>Es responsabilidad del Cliente comprobar el estado de los productos el d\u00eda de la recepci\u00f3n. Cualquier impugnaci\u00f3n o reserva deber\u00e1 constar en el albar\u00e1n de entrega firmado por el transportista y confirmado por carta certificada con acuse de recibo en un plazo de cuarenta y ocho (48) horas. Deber\u00e1 enviarse una copia a Maniax UAV. Toda anomal\u00eda deber\u00e1 ser se\u00f1alada en las condiciones del art\u00edculo 10.<\/p><p>En caso de problemas de disponibilidad, un pedido podr\u00e1 dividirse en varios env\u00edos. Al Cliente solo se le cobrar\u00e1 una tarifa de env\u00edo.<\/p><p>En caso de incumplimiento en un plazo de treinta (30) d\u00edas, el Cliente podr\u00e1 enviar una carta certificada a Maniax UAV solicitando el cumplimiento. En caso de incumplimiento, el Cliente podr\u00e1 rescindir el contrato y recibir el reembolso \u00edntegro en un plazo de catorce (14) d\u00edas.<\/p>\t\t\t\t\t\t\t\t<\/div>\n\t\t\t\t<\/div>\n\t\t\t\t\t<\/div>\n\t\t\t\t<\/div>\n\t\t\t\t<\/div>","protected":false},"excerpt":{"rendered":"<p>DELIVERY \/ RECEIPT The products are delivered to the address indicated by the Customer on the order form, by post or by private carrier. 1) Service Coverage Maniax UAV delivers to the following regions\/countries: Mainland France European Union countries United Kingdom Selected countries in Asia and Africa. Customers are responsible for verifying that delivery to [&hellip;]<\/p>\n","protected":false},"author":1,"featured_media":6103,"parent":0,"menu_order":0,"comment_status":"closed","ping_status":"closed","template":"","meta":{"_acf_changed":false,"footnotes":""},"class_list":["post-7683","page","type-page","status-publish","has-post-thumbnail","hentry"],"acf":[],"jetpack_sharing_enabled":true,"_links":{"self":[{"href":"https:\/\/maniaxuav.com\/es\/wp-json\/wp\/v2\/pages\/7683","targetHints":{"allow":["GET"]}}],"collection":[{"href":"https:\/\/maniaxuav.com\/es\/wp-json\/wp\/v2\/pages"}],"about":[{"href":"https:\/\/maniaxuav.com\/es\/wp-json\/wp\/v2\/types\/page"}],"author":[{"embeddable":true,"href":"https:\/\/maniaxuav.com\/es\/wp-json\/wp\/v2\/users\/1"}],"replies":[{"embeddable":true,"href":"https:\/\/maniaxuav.com\/es\/wp-json\/wp\/v2\/comments?post=7683"}],"version-history":[{"count":7,"href":"https:\/\/maniaxuav.com\/es\/wp-json\/wp\/v2\/pages\/7683\/revisions"}],"predecessor-version":[{"id":9235,"href":"https:\/\/maniaxuav.com\/es\/wp-json\/wp\/v2\/pages\/7683\/revisions\/9235"}],"wp:featuredmedia":[{"embeddable":true,"href":"https:\/\/maniaxuav.com\/es\/wp-json\/wp\/v2\/media\/6103"}],"wp:attachment":[{"href":"https:\/\/maniaxuav.com\/es\/wp-json\/wp\/v2\/media?parent=7683"}],"curies":[{"name":"wp","href":"https:\/\/api.w.org\/{rel}","templated":true}]}}