{"id":173,"date":"2024-11-18T11:18:07","date_gmt":"2024-11-18T10:18:07","guid":{"rendered":"https:\/\/hobbywinguav.com\/?page_id=173"},"modified":"2025-07-28T08:51:02","modified_gmt":"2025-07-28T06:51:02","slug":"acerca-de-nosotros","status":"publish","type":"page","link":"https:\/\/maniaxuav.com\/es\/acerca-de-nosotros\/","title":{"rendered":"Qui\u00e9nes somos"},"content":{"rendered":"<div data-elementor-type=\"wp-page\" data-elementor-id=\"173\" class=\"elementor elementor-173\" data-elementor-post-type=\"page\">\n\t\t\t\t<div class=\"elementor-element elementor-element-df9ce47 e-flex e-con-boxed e-con e-parent\" data-id=\"df9ce47\" data-element_type=\"container\" data-e-type=\"container\" data-settings=\"{&quot;jet_parallax_layout_list&quot;:[]}\">\n\t\t\t\t\t<div class=\"e-con-inner\">\n\t\t\t\t<div class=\"elementor-element elementor-element-0d6aafc elementor-widget elementor-widget-heading\" data-id=\"0d6aafc\" data-element_type=\"widget\" data-e-type=\"widget\" data-widget_type=\"heading.default\">\n\t\t\t\t<div class=\"elementor-widget-container\">\n\t\t\t\t\t<h1 class=\"elementor-heading-title elementor-size-default\">Acerca de la empresa<\/h1>\t\t\t\t<\/div>\n\t\t\t\t<\/div>\n\t\t\t\t\t<\/div>\n\t\t\t\t<\/div>\n\t\t<div class=\"elementor-element elementor-element-7c9415f e-flex e-con-boxed e-con e-parent\" data-id=\"7c9415f\" data-element_type=\"container\" data-e-type=\"container\" data-settings=\"{&quot;jet_parallax_layout_list&quot;:[]}\">\n\t\t\t\t\t<div class=\"e-con-inner\">\n\t\t<div class=\"elementor-element elementor-element-649cde4 e-con-full e-flex e-con e-child\" data-id=\"649cde4\" data-element_type=\"container\" data-e-type=\"container\" data-settings=\"{&quot;jet_parallax_layout_list&quot;:[]}\">\n\t\t\t\t<div class=\"elementor-element elementor-element-f04f354 elementor-widget__width-inherit elementor-widget elementor-widget-text-editor\" data-id=\"f04f354\" data-element_type=\"widget\" data-e-type=\"widget\" data-widget_type=\"text-editor.default\">\n\t\t\t\t<div class=\"elementor-widget-container\">\n\t\t\t\t\t\t\t\t\t<p style=\"font-weight: 400;\"><strong>La energ\u00eda del futuro de los UAV: bater\u00edas de alto rendimiento dise\u00f1adas para aplicaciones de misi\u00f3n cr\u00edtica<\/strong><\/p><p style=\"font-weight: 400;\">Fundada en 2005, <strong>ManiaX Power Technology S.L.<\/strong> ha pasado de ser un l\u00edder en bater\u00edas para modelos RC a un <strong>fabricante mundial de sistemas avanzados de energ\u00eda a base de litio<\/strong> para UAV, eVTOL, drones de ala fija y otras plataformas industriales. Nuestras soluciones, en las que conf\u00edan profesionales de todo el mundo, est\u00e1n dise\u00f1adas para ofrecer rendimiento, resistencia y seguridad.<\/p><p style=\"font-weight: 400;\">En la actualidad, ManiaX opera en m\u00e1s de <strong>71.000 m\u00b2 de instalaciones de producci\u00f3n<\/strong>con un equipo especializado de <strong>460 empleados<\/strong>incluyendo m\u00e1s de <strong>50 ingenieros de I+D<\/strong> centrada en la innovaci\u00f3n de bater\u00edas. Fabricamos nuestras propias celdas y packs, lo que nos permite personalizar por completo cada componente (voltaje, capacidad, BMS, conectores, carcasa y formato) para adaptarlo a las necesidades de su misi\u00f3n.<\/p>\t\t\t\t\t\t\t\t<\/div>\n\t\t\t\t<\/div>\n\t\t\t\t<div class=\"elementor-element elementor-element-c423a07 dce_masking-none elementor-widget elementor-widget-image\" data-id=\"c423a07\" data-element_type=\"widget\" data-e-type=\"widget\" data-widget_type=\"image.default\">\n\t\t\t\t<div class=\"elementor-widget-container\">\n\t\t\t\t\t\t\t\t\t\t\t\t\t\t\t<img fetchpriority=\"high\" decoding=\"async\" width=\"768\" height=\"512\" src=\"https:\/\/maniaxuav.com\/wp-content\/uploads\/2025\/05\/bannere158f22f85d346f9baaf7fae4ecb18ca-768x512.jpg\" class=\"attachment-medium_large size-medium_large wp-image-4209\" alt=\"\" srcset=\"https:\/\/maniaxuav.com\/wp-content\/uploads\/2025\/05\/bannere158f22f85d346f9baaf7fae4ecb18ca-768x512.jpg 768w, https:\/\/maniaxuav.com\/wp-content\/uploads\/2025\/05\/bannere158f22f85d346f9baaf7fae4ecb18ca-300x200.jpg 300w, https:\/\/maniaxuav.com\/wp-content\/uploads\/2025\/05\/bannere158f22f85d346f9baaf7fae4ecb18ca-1024x683.jpg 1024w, https:\/\/maniaxuav.com\/wp-content\/uploads\/2025\/05\/bannere158f22f85d346f9baaf7fae4ecb18ca-1536x1024.jpg 1536w, https:\/\/maniaxuav.com\/wp-content\/uploads\/2025\/05\/bannere158f22f85d346f9baaf7fae4ecb18ca-18x12.jpg 18w, https:\/\/maniaxuav.com\/wp-content\/uploads\/2025\/05\/bannere158f22f85d346f9baaf7fae4ecb18ca-600x400.jpg 600w, https:\/\/maniaxuav.com\/wp-content\/uploads\/2025\/05\/bannere158f22f85d346f9baaf7fae4ecb18ca.jpg 1680w\" sizes=\"(max-width: 768px) 100vw, 768px\" \/>\t\t\t\t\t\t\t\t\t\t\t\t\t\t\t<\/div>\n\t\t\t\t<\/div>\n\t\t\t\t<div class=\"elementor-element elementor-element-164b097 elementor-widget elementor-widget-heading\" data-id=\"164b097\" data-element_type=\"widget\" data-e-type=\"widget\" data-widget_type=\"heading.default\">\n\t\t\t\t<div class=\"elementor-widget-container\">\n\t\t\t\t\t<h2 class=\"elementor-heading-title elementor-size-default\">Una gama completa para aplicaciones UAV profesionales<\/h2>\t\t\t\t<\/div>\n\t\t\t\t<\/div>\n\t\t\t\t<div class=\"elementor-element elementor-element-3832f4a elementor-widget__width-inherit elementor-widget elementor-widget-text-editor\" data-id=\"3832f4a\" data-element_type=\"widget\" data-e-type=\"widget\" data-widget_type=\"text-editor.default\">\n\t\t\t\t<div class=\"elementor-widget-container\">\n\t\t\t\t\t\t\t\t\t<p style=\"font-weight: 400;\">En <strong>drones agr\u00edcolas<\/strong>, <strong>topograf\u00eda a\u00e9rea<\/strong>y <strong>UAV t\u00e1cticos<\/strong>a <strong>entrega de carga<\/strong>, <strong>robots de superficie<\/strong>y <strong>Plataformas eVTOL<\/strong>ManiaX suministra bater\u00edas con:<\/p><ul style=\"font-weight: 400;\"><li><strong>+30-35% mayor densidad energ\u00e9tica<\/strong><\/li><li><strong>Vida \u00fatil \u2265800 ciclos<\/strong><\/li><li><strong>Carga r\u00e1pida (2C-5C) y baja resistencia interna<\/strong><\/li><li><strong>Excelente rendimiento en una amplia gama de temperaturas (de -30 \u00b0C a 55 \u00b0C)<\/strong><\/li><li><strong>M\u00faltiples opciones de voltaje: 4,2V \/ 4,35V \/ 4,4V<\/strong><\/li><li><strong>Smart BMS y dise\u00f1os de estado s\u00f3lido opcionales<\/strong><\/li><\/ul><p style=\"font-weight: 400;\">Todos los productos se someten a rigurosas pruebas y est\u00e1n certificados para <strong>CE, RoHS, UN38.3, ISO9001<\/strong>y <strong>ISO14001<\/strong> incluyendo pruebas de vibraci\u00f3n, ca\u00edda, choque t\u00e9rmico y ciclos de resistencia.<\/p>\t\t\t\t\t\t\t\t<\/div>\n\t\t\t\t<\/div>\n\t\t\t\t<div class=\"elementor-element elementor-element-4d010dc dce_masking-none elementor-widget elementor-widget-image\" data-id=\"4d010dc\" data-element_type=\"widget\" data-e-type=\"widget\" data-widget_type=\"image.default\">\n\t\t\t\t<div class=\"elementor-widget-container\">\n\t\t\t\t\t\t\t\t\t\t\t\t\t\t\t<img decoding=\"async\" width=\"768\" height=\"290\" src=\"https:\/\/maniaxuav.com\/wp-content\/uploads\/2024\/11\/20dcb08ccfab5841f6b4e307b8ff8496-768x290.jpg\" class=\"attachment-medium_large size-medium_large wp-image-9170\" alt=\"\" srcset=\"https:\/\/maniaxuav.com\/wp-content\/uploads\/2024\/11\/20dcb08ccfab5841f6b4e307b8ff8496-768x290.jpg 768w, https:\/\/maniaxuav.com\/wp-content\/uploads\/2024\/11\/20dcb08ccfab5841f6b4e307b8ff8496-300x113.jpg 300w, https:\/\/maniaxuav.com\/wp-content\/uploads\/2024\/11\/20dcb08ccfab5841f6b4e307b8ff8496-1024x387.jpg 1024w, https:\/\/maniaxuav.com\/wp-content\/uploads\/2024\/11\/20dcb08ccfab5841f6b4e307b8ff8496-1536x580.jpg 1536w, https:\/\/maniaxuav.com\/wp-content\/uploads\/2024\/11\/20dcb08ccfab5841f6b4e307b8ff8496-2048x774.jpg 2048w, https:\/\/maniaxuav.com\/wp-content\/uploads\/2024\/11\/20dcb08ccfab5841f6b4e307b8ff8496-18x7.jpg 18w, https:\/\/maniaxuav.com\/wp-content\/uploads\/2024\/11\/20dcb08ccfab5841f6b4e307b8ff8496-600x227.jpg 600w\" sizes=\"(max-width: 768px) 100vw, 768px\" \/>\t\t\t\t\t\t\t\t\t\t\t\t\t\t\t<\/div>\n\t\t\t\t<\/div>\n\t\t\t\t<div class=\"elementor-element elementor-element-64bb7f3 dce_masking-none elementor-widget elementor-widget-image\" data-id=\"64bb7f3\" data-element_type=\"widget\" data-e-type=\"widget\" data-widget_type=\"image.default\">\n\t\t\t\t<div class=\"elementor-widget-container\">\n\t\t\t\t\t\t\t\t\t\t\t\t\t\t\t<img decoding=\"async\" width=\"768\" height=\"290\" src=\"https:\/\/maniaxuav.com\/wp-content\/uploads\/2025\/07\/90bdce2e2b0c1d328e1a33d5a70ad933-768x290.jpg\" class=\"attachment-medium_large size-medium_large wp-image-9165\" alt=\"\" srcset=\"https:\/\/maniaxuav.com\/wp-content\/uploads\/2025\/07\/90bdce2e2b0c1d328e1a33d5a70ad933-768x290.jpg 768w, https:\/\/maniaxuav.com\/wp-content\/uploads\/2025\/07\/90bdce2e2b0c1d328e1a33d5a70ad933-300x113.jpg 300w, https:\/\/maniaxuav.com\/wp-content\/uploads\/2025\/07\/90bdce2e2b0c1d328e1a33d5a70ad933-1024x387.jpg 1024w, https:\/\/maniaxuav.com\/wp-content\/uploads\/2025\/07\/90bdce2e2b0c1d328e1a33d5a70ad933-1536x580.jpg 1536w, https:\/\/maniaxuav.com\/wp-content\/uploads\/2025\/07\/90bdce2e2b0c1d328e1a33d5a70ad933-2048x774.jpg 2048w, https:\/\/maniaxuav.com\/wp-content\/uploads\/2025\/07\/90bdce2e2b0c1d328e1a33d5a70ad933-18x7.jpg 18w, https:\/\/maniaxuav.com\/wp-content\/uploads\/2025\/07\/90bdce2e2b0c1d328e1a33d5a70ad933-600x227.jpg 600w\" sizes=\"(max-width: 768px) 100vw, 768px\" \/>\t\t\t\t\t\t\t\t\t\t\t\t\t\t\t<\/div>\n\t\t\t\t<\/div>\n\t\t\t\t<div class=\"elementor-element elementor-element-8205d89 elementor-widget elementor-widget-heading\" data-id=\"8205d89\" data-element_type=\"widget\" data-e-type=\"widget\" data-widget_type=\"heading.default\">\n\t\t\t\t<div class=\"elementor-widget-container\">\n\t\t\t\t\t<h2 class=\"elementor-heading-title elementor-size-default\">ManiaX Europa - Su socio local<\/h2>\t\t\t\t<\/div>\n\t\t\t\t<\/div>\n\t\t\t\t<div class=\"elementor-element elementor-element-5353d72 elementor-widget__width-inherit elementor-widget elementor-widget-text-editor\" data-id=\"5353d72\" data-element_type=\"widget\" data-e-type=\"widget\" data-widget_type=\"text-editor.default\">\n\t\t\t\t<div class=\"elementor-widget-container\">\n\t\t\t\t\t\t\t\t\t<p style=\"font-weight: 400;\">Para satisfacer la creciente demanda del sector europeo de los veh\u00edculos a\u00e9reos no tripulados, <strong>ManiaX Europa se puso en marcha en 2024<\/strong> como <strong>extensi\u00f3n directa de nuestra f\u00e1brica<\/strong>no es un distribuidor externo. Proporcionamos:<\/p><ul style=\"font-weight: 400;\"><li><strong>Acciones europeas<\/strong> para una entrega r\u00e1pida sin problemas de aduanas ni IVA<\/li><li>A <strong>equipo multiling\u00fce<\/strong> de ingenieros, pilotos de drones y desarrolladores<\/li><li><strong>Apoyo a la integraci\u00f3n de OEM<\/strong> e informaci\u00f3n directa a I+D<\/li><li><strong>Asesoramiento t\u00e9cnico in situ<\/strong> y formaci\u00f3n<\/li><\/ul><p style=\"font-weight: 400;\">Nuestras operaciones europeas nos permiten <strong>trabajar codo con codo con fabricantes e integradores<\/strong> para desarrollar conjuntamente soluciones de bater\u00edas optimizadas y garantizar un despliegue perfecto sobre el terreno.<\/p>\t\t\t\t\t\t\t\t<\/div>\n\t\t\t\t<\/div>\n\t\t\t\t<\/div>\n\t\t\t\t\t<\/div>\n\t\t\t\t<\/div>\n\t\t\t\t<\/div>","protected":false},"excerpt":{"rendered":"<p>About the Company Powering the Future of UAVs \u2013 High-Performance Batteries Engineered for Mission-Critical Applications Founded in 2005, ManiaX Power Technology Co., Ltd. has evolved from a leader in RC model batteries to a global manufacturer of advanced lithium-based energy systems for UAVs, eVTOLs, fixed-wing drones, and other industrial platforms. Trusted by professionals worldwide, our [&hellip;]<\/p>\n","protected":false},"author":1,"featured_media":6103,"parent":0,"menu_order":0,"comment_status":"closed","ping_status":"closed","template":"","meta":{"_acf_changed":false,"footnotes":""},"class_list":["post-173","page","type-page","status-publish","has-post-thumbnail","hentry"],"acf":[],"jetpack_sharing_enabled":true,"_links":{"self":[{"href":"https:\/\/maniaxuav.com\/es\/wp-json\/wp\/v2\/pages\/173","targetHints":{"allow":["GET"]}}],"collection":[{"href":"https:\/\/maniaxuav.com\/es\/wp-json\/wp\/v2\/pages"}],"about":[{"href":"https:\/\/maniaxuav.com\/es\/wp-json\/wp\/v2\/types\/page"}],"author":[{"embeddable":true,"href":"https:\/\/maniaxuav.com\/es\/wp-json\/wp\/v2\/users\/1"}],"replies":[{"embeddable":true,"href":"https:\/\/maniaxuav.com\/es\/wp-json\/wp\/v2\/comments?post=173"}],"version-history":[{"count":130,"href":"https:\/\/maniaxuav.com\/es\/wp-json\/wp\/v2\/pages\/173\/revisions"}],"predecessor-version":[{"id":9190,"href":"https:\/\/maniaxuav.com\/es\/wp-json\/wp\/v2\/pages\/173\/revisions\/9190"}],"wp:featuredmedia":[{"embeddable":true,"href":"https:\/\/maniaxuav.com\/es\/wp-json\/wp\/v2\/media\/6103"}],"wp:attachment":[{"href":"https:\/\/maniaxuav.com\/es\/wp-json\/wp\/v2\/media?parent=173"}],"curies":[{"name":"wp","href":"https:\/\/api.w.org\/{rel}","templated":true}]}}