{"id":7693,"date":"2025-07-25T10:58:35","date_gmt":"2025-07-25T08:58:35","guid":{"rendered":"https:\/\/maniaxuav.com\/?page_id=7693"},"modified":"2025-08-12T11:01:19","modified_gmt":"2025-08-12T09:01:19","slug":"reparatur-und-instandsetzungsdienst","status":"publish","type":"page","link":"https:\/\/maniaxuav.com\/de\/reparatur-und-instandsetzungsdienst\/","title":{"rendered":"Reparatur- und Austauschservice"},"content":{"rendered":"<div data-elementor-type=\"wp-page\" data-elementor-id=\"7693\" class=\"elementor elementor-7693\" data-elementor-post-type=\"page\">\n\t\t\t\t<div class=\"elementor-element elementor-element-2f83eb0 e-flex e-con-boxed e-con e-parent\" data-id=\"2f83eb0\" data-element_type=\"container\" data-e-type=\"container\" data-settings=\"{&quot;jet_parallax_layout_list&quot;:[]}\">\n\t\t\t\t\t<div class=\"e-con-inner\">\n\t\t\t\t<div class=\"elementor-element elementor-element-4aed718 elementor-widget elementor-widget-text-editor\" data-id=\"4aed718\" data-element_type=\"widget\" data-e-type=\"widget\" data-widget_type=\"text-editor.default\">\n\t\t\t\t<div class=\"elementor-widget-container\">\n\t\t\t\t\t\t\t\t\t<p>Auf alle unsere Produkte gew\u00e4hren wir eine vollst\u00e4ndige Reparatur-\/Ersatzgarantie von 90 Tagen, die durch das Original oder eine Kopie des Original-Kaufbelegs belegt ist.\u00a0<u>Die eingeschr\u00e4nkte Garantie von MANIAX deckt alle Ausf\u00e4lle ab, die auf Material- oder Verarbeitungsfehler zur\u00fcckzuf\u00fchren sind.<\/u>. Sie deckt keinen Missbrauch ab, auch keinen \"Absturz\", weder absichtlich noch anderweitig. Zubeh\u00f6r wie z.B. ein L\u00fcfter, ein Schalter, Kabel sind von der Garantie ausgeschlossen (es sei denn, es wurde besch\u00e4digt geliefert).<\/p><p>Missbrauch umfasst unter anderem die folgenden Punkte:<\/p><ul><li>Verwendung des Systems au\u00dferhalb der vorgesehenen Nutzung.\u00a0<\/li><li>Sch\u00e4den, die durch einen Zusammensto\u00df mit einem Fahrzeug, versehentliche Besch\u00e4digung durch \u00e4u\u00dfere Einfl\u00fcsse, falsche Verkabelung, \u00dcberspannung, \u00dcberlastung, unsachgem\u00e4\u00dfes Getriebe oder St\u00fctzen (\u00dcberlastung), falsche Motorauswahl, falsche Einstellungen, unzureichende Batterien oder Stecker und\/oder schlechte L\u00f6tstellen an Steckern entstehen.\u00a0<\/li><\/ul><p>Hinweis: Verwendung eines Steuerger\u00e4ts au\u00dferhalb der vorgesehenen Leistungsspezifikation (Betrieb au\u00dferhalb der MAX-Spannung\/Stromst\u00e4rke, Getriebe oder falsche Anwendung\/Fahrzeug). Physische Sch\u00e4den, einschlie\u00dflich St\u00fcrze und Eintauchen in Wasser. Modifikation des Steuerger\u00e4ts, wie z.B. L\u00f6ten am Steuerger\u00e4t, Aufkleben von Gegenst\u00e4nden auf das Steuerger\u00e4t, Vergie\u00dfen des Steuerger\u00e4ts usw. Es gibt keine Teile, die vom Benutzer gewartet werden k\u00f6nnen. Wir raten davon ab, die Platine zu reparieren oder daran zu l\u00f6ten.<\/p><p>Kurz gesagt, alles, was als Missbrauch angesehen werden kann, ist nicht von der Garantie abgedeckt.<\/p><p>Unsere eingeschr\u00e4nkte Garantiehaftung beschr\u00e4nkt sich auf die Reparatur oder den Ersatz des Ger\u00e4ts gem\u00e4\u00df den Originalspezifikationen von MANIAX. Da wir keine Kontrolle \u00fcber die Installation oder Verwendung dieses Produkts haben, sind wir in keinem Fall f\u00fcr Sch\u00e4den haftbar.  Garantieleistungen werden nicht r\u00fcckerstattet oder umgetauscht.<\/p><p>Au\u00dferdem erlischt bei diesen Artikeln die Garantie und es sind Rechnungsinformationen erforderlich - ohne Ausnahme:<\/p><ul><li>Verwendung des Geschwindigkeitsreglers in einer Anwendung, f\u00fcr die er nicht ausgelegt ist.<\/li><li>\u00dcberschreitung der Produktspezifikationen.<\/li><li>Deaktivieren des ESC-\u00dcberhitzungsschutzes oder des MOTOR-\u00dcberhitzungsschutzes.<\/li><li>Wasser oder Feuchtigkeit in den Geschwindigkeitsregler eindringen lassen. (Au\u00dfer wasserdichte ESC)<\/li><li>Falsche Verdrahtung oder nicht anweisungsgem\u00e4\u00dfe Verwendung.<\/li><li>Verwendung von Steckern mit falscher Polarit\u00e4t an den Batterie- und Motorkabeln des Drehzahlreglers.<\/li><li>Der mitgelieferte Kondensator wurde nicht angebracht, oder der\/die Kondensator(en) wurden als besch\u00e4digt best\u00e4tigt.<\/li><li>MOSFETs und oder Phasenplatte(n) sind nachweislich durch Strom\u00fcberlastung besch\u00e4digt (i)<\/li><li>Die Garantie gilt nur f\u00fcr den Erstk\u00e4ufer des Produkts. Die Garantie ist nicht \u00fcbertragbar.<\/li><li>Fehlen einer Quittung zum Nachweis des Kaufdatums.<\/li><li>MANIAX-Produkte, die nicht mehr hergestellt werden.<\/li><li>Produkt(e) von einem nicht autorisierten H\u00e4ndler gekauft \u00a0<a href=\"http:\/\/www.falconsekido.com\/pages\/authorized-dealer\" target=\"_blank\" rel=\"noopener\">Siehe die Liste der autorisierten H\u00e4ndler in Nordamerika<\/a>. Der Kauf von Hong Kong Einzelh\u00e4ndler und eBay-Verk\u00e4ufer, die nicht folgen MANIAX MAP Politik deem Artikel nicht Garantie.<\/li><li>F\u00fcr Probleme, die nicht unter die Garantie fallen, wie z.B. Unfallsch\u00e4den oder Verschlei\u00df, sind Reparatur- und Ersatzleistungen gegen eine Geb\u00fchr erh\u00e4ltlich. Die Kunden werden im Voraus \u00fcber alle Kosten informiert.<\/li><\/ul>\t\t\t\t\t\t\t\t<\/div>\n\t\t\t\t<\/div>\n\t\t\t\t\t<\/div>\n\t\t\t\t<\/div>\n\t\t\t\t<\/div>","protected":false},"excerpt":{"rendered":"<p>All our products are covered with a full repair\/replacement warranty for 90 days dated by the original or copy of the original sales receipt.\u00a0MANIAX limited warranty covers all failures that result from manufacture defective material or workmanship. It does not cover misuse, abuse including &#8216;crash&#8217;, intentional or otherwise. Accessories such as a cooling fan, a [&hellip;]<\/p>\n","protected":false},"author":1,"featured_media":6103,"parent":0,"menu_order":0,"comment_status":"closed","ping_status":"closed","template":"","meta":{"_acf_changed":false,"footnotes":""},"class_list":["post-7693","page","type-page","status-publish","has-post-thumbnail","hentry"],"acf":[],"jetpack_sharing_enabled":true,"_links":{"self":[{"href":"https:\/\/maniaxuav.com\/de\/wp-json\/wp\/v2\/pages\/7693","targetHints":{"allow":["GET"]}}],"collection":[{"href":"https:\/\/maniaxuav.com\/de\/wp-json\/wp\/v2\/pages"}],"about":[{"href":"https:\/\/maniaxuav.com\/de\/wp-json\/wp\/v2\/types\/page"}],"author":[{"embeddable":true,"href":"https:\/\/maniaxuav.com\/de\/wp-json\/wp\/v2\/users\/1"}],"replies":[{"embeddable":true,"href":"https:\/\/maniaxuav.com\/de\/wp-json\/wp\/v2\/comments?post=7693"}],"version-history":[{"count":7,"href":"https:\/\/maniaxuav.com\/de\/wp-json\/wp\/v2\/pages\/7693\/revisions"}],"predecessor-version":[{"id":9244,"href":"https:\/\/maniaxuav.com\/de\/wp-json\/wp\/v2\/pages\/7693\/revisions\/9244"}],"wp:featuredmedia":[{"embeddable":true,"href":"https:\/\/maniaxuav.com\/de\/wp-json\/wp\/v2\/media\/6103"}],"wp:attachment":[{"href":"https:\/\/maniaxuav.com\/de\/wp-json\/wp\/v2\/media?parent=7693"}],"curies":[{"name":"wp","href":"https:\/\/api.w.org\/{rel}","templated":true}]}}