{"id":7683,"date":"2025-07-25T10:55:26","date_gmt":"2025-07-25T08:55:26","guid":{"rendered":"https:\/\/maniaxuav.com\/?page_id=7683"},"modified":"2025-08-12T10:58:57","modified_gmt":"2025-08-12T08:58:57","slug":"schifffahrtspolitik","status":"publish","type":"page","link":"https:\/\/maniaxuav.com\/de\/schifffahrtspolitik\/","title":{"rendered":"Versandpolitik"},"content":{"rendered":"<div data-elementor-type=\"wp-page\" data-elementor-id=\"7683\" class=\"elementor elementor-7683\" data-elementor-post-type=\"page\">\n\t\t\t\t<div class=\"elementor-element elementor-element-7c61780 e-flex e-con-boxed e-con e-parent\" data-id=\"7c61780\" data-element_type=\"container\" data-e-type=\"container\" data-settings=\"{&quot;jet_parallax_layout_list&quot;:[]}\">\n\t\t\t\t\t<div class=\"e-con-inner\">\n\t\t\t\t<div class=\"elementor-element elementor-element-f91ed6b elementor-widget elementor-widget-text-editor\" data-id=\"f91ed6b\" data-element_type=\"widget\" data-e-type=\"widget\" data-widget_type=\"text-editor.default\">\n\t\t\t\t<div class=\"elementor-widget-container\">\n\t\t\t\t\t\t\t\t\t<p><strong>LIEFERUNG\/EMPFANG<\/strong><\/p><p>Die Produkte werden an die vom Kunden auf dem Bestellformular angegebene Adresse geliefert, per Post oder durch einen privaten Spediteur.<\/p><p><strong>1) Abdeckung der Dienstleistungen<\/strong><\/p><p>Maniax UAV liefert in die folgenden Regionen\/L\u00e4nder:<\/p><ul><li>Franz\u00f6sisches Festland<\/li><li>L\u00e4nder der Europ\u00e4ischen Union<\/li><li>Vereinigtes K\u00f6nigreich<\/li><li>Ausgew\u00e4hlte L\u00e4nder in Asien und Afrika.<\/li><\/ul><p>Es liegt in der Verantwortung der Kunden, sich zu vergewissern, dass die Lieferung in ihre Region zum Zeitpunkt des Kaufs unterst\u00fctzt wird.<\/p><p><strong>2) Zeitrahmen<\/strong><\/p><p><strong>Bearbeitungszeit der Bestellung<\/strong><\/p><p>Der Versand der Bestellungen erfolgt innerhalb von <strong>1-3 Arbeitstage<\/strong> nach Auftragsbest\u00e4tigung und Zahlungseingang.<\/p><p><strong>Logistik \/ Transitzeit<\/strong><\/p><ul><li><strong>Franz\u00f6sisches Festland<\/strong>2-5 Arbeitstage nach Versand<\/li><li><strong>EU-L\u00e4nder<\/strong>: 3-7 Arbeitstage nach Versand<\/li><li><strong>Vereinigtes K\u00f6nigreich<\/strong>: 3-8 Arbeitstage nach Versand<\/li><li><strong>Andere Regionen<\/strong>7-15 Werktage je nach Standort und Zoll<\/li><\/ul><p><strong>\u00a0<\/strong><\/p><p><strong>Gesamtlieferzeit<\/strong><\/p><p>Bearbeitungszeit + Durchlaufzeit.<br \/>Zum Beispiel: F\u00fcr Frankreich - <strong>3-8 Arbeitstage<\/strong> insgesamt.<\/p><p>Die Lieferzeiten sind Richtwerte, es sei denn, Maniax UAV verpflichtet sich ausdr\u00fccklich und schriftlich zu festen Lieferterminen. Im Falle einer vorhersehbaren Verz\u00f6gerung wird Maniax UAV den Kunden mit einer gesch\u00e4tzten neuen Lieferfrist benachrichtigen.<\/p><p><strong>3) Versandkosten<\/strong><\/p><ul><li><strong>Frankreich<\/strong>: \u20ac15-\u20ac20<\/li><li><strong>EU-L\u00e4nder<\/strong>: \u20ac20-\u20ac40<\/li><li><strong>UK<\/strong>: \u20ac15-\u20ac30<\/li><li><strong>Andere L\u00e4nder<\/strong>: wird an der Kasse je nach Standort und Transportunternehmen berechnet<\/li><\/ul><p>W\u00fcnscht der Kunde zwei (2) Lieferorte, muss er zwei (2) separate Bestellungen mit entsprechenden Versandkosten aufgeben.<\/p><p><strong>4) Steuern<\/strong><\/p><ul><li><strong>Bestellpreise inklusive Mehrwertsteuer<\/strong> f\u00fcr Lieferungen innerhalb der Europ\u00e4ischen Union.<\/li><li>F\u00fcr <strong>Nicht-EU-L\u00e4nder<\/strong>Mehrwertsteuer und eventuelle Z\u00f6lle sind <strong>nicht enthalten<\/strong> im Kaufpreis enthalten.<br \/><strong>Der Kunde tr\u00e4gt alle anfallenden Einfuhrz\u00f6lle, Steuern und Zollabfertigungsgeb\u00fchren.<\/strong> gem\u00e4\u00df den \u00f6rtlichen Vorschriften.<\/li><\/ul><p><strong>\u00a0<\/strong><\/p><p><strong>Liefer-\/Empfangsbedingungen<\/strong><\/p><p>Der Kunde ist verpflichtet, den Empfang der bestellten Produkte pers\u00f6nlich zu garantieren. Der Kunde verpflichtet sich, den Empfang der Produkte mit seiner Unterschrift zu best\u00e4tigen.<\/p><p>Es liegt in der Verantwortung des Kunden, den Zustand der Produkte am Tag des Empfangs zu \u00fcberpr\u00fcfen. Jede Beanstandung oder jeder Vorbehalt muss auf dem unterzeichneten Lieferschein des Spediteurs vermerkt und innerhalb von achtundvierzig (48) Stunden per Einschreiben mit R\u00fcckschein best\u00e4tigt werden. Eine Kopie muss an Maniax UAV geschickt werden. Jede Anomalie muss gem\u00e4\u00df den Bedingungen von Artikel 10 gemeldet werden.<\/p><p>Wenn Probleme mit der Verf\u00fcgbarkeit auftreten, kann eine Bestellung in mehrere Sendungen aufgeteilt werden. Dem Kunden wird nur eine Liefergeb\u00fchr in Rechnung gestellt.<\/p><p>Bei Nichterf\u00fcllung innerhalb von drei\u00dfig (30) Tagen kann der Kunde Maniax UAV per Einschreiben auffordern, den Vertrag zu erf\u00fcllen. Bei Nichterf\u00fcllung kann der Kunde den Vertrag k\u00fcndigen und erh\u00e4lt innerhalb von vierzehn (14) Tagen eine vollst\u00e4ndige R\u00fcckerstattung.<\/p>\t\t\t\t\t\t\t\t<\/div>\n\t\t\t\t<\/div>\n\t\t\t\t\t<\/div>\n\t\t\t\t<\/div>\n\t\t\t\t<\/div>","protected":false},"excerpt":{"rendered":"<p>DELIVERY \/ RECEIPT The products are delivered to the address indicated by the Customer on the order form, by post or by private carrier. 1) Service Coverage Maniax UAV delivers to the following regions\/countries: Mainland France European Union countries United Kingdom Selected countries in Asia and Africa. Customers are responsible for verifying that delivery to [&hellip;]<\/p>\n","protected":false},"author":1,"featured_media":6103,"parent":0,"menu_order":0,"comment_status":"closed","ping_status":"closed","template":"","meta":{"_acf_changed":false,"footnotes":""},"class_list":["post-7683","page","type-page","status-publish","has-post-thumbnail","hentry"],"acf":[],"jetpack_sharing_enabled":true,"_links":{"self":[{"href":"https:\/\/maniaxuav.com\/de\/wp-json\/wp\/v2\/pages\/7683","targetHints":{"allow":["GET"]}}],"collection":[{"href":"https:\/\/maniaxuav.com\/de\/wp-json\/wp\/v2\/pages"}],"about":[{"href":"https:\/\/maniaxuav.com\/de\/wp-json\/wp\/v2\/types\/page"}],"author":[{"embeddable":true,"href":"https:\/\/maniaxuav.com\/de\/wp-json\/wp\/v2\/users\/1"}],"replies":[{"embeddable":true,"href":"https:\/\/maniaxuav.com\/de\/wp-json\/wp\/v2\/comments?post=7683"}],"version-history":[{"count":7,"href":"https:\/\/maniaxuav.com\/de\/wp-json\/wp\/v2\/pages\/7683\/revisions"}],"predecessor-version":[{"id":9235,"href":"https:\/\/maniaxuav.com\/de\/wp-json\/wp\/v2\/pages\/7683\/revisions\/9235"}],"wp:featuredmedia":[{"embeddable":true,"href":"https:\/\/maniaxuav.com\/de\/wp-json\/wp\/v2\/media\/6103"}],"wp:attachment":[{"href":"https:\/\/maniaxuav.com\/de\/wp-json\/wp\/v2\/media?parent=7683"}],"curies":[{"name":"wp","href":"https:\/\/api.w.org\/{rel}","templated":true}]}}