{"id":173,"date":"2024-11-18T11:18:07","date_gmt":"2024-11-18T10:18:07","guid":{"rendered":"https:\/\/hobbywinguav.com\/?page_id=173"},"modified":"2025-07-28T08:51:02","modified_gmt":"2025-07-28T06:51:02","slug":"uber-uns","status":"publish","type":"page","link":"https:\/\/maniaxuav.com\/de\/uber-uns\/","title":{"rendered":"\u00dcber uns"},"content":{"rendered":"<div data-elementor-type=\"wp-page\" data-elementor-id=\"173\" class=\"elementor elementor-173\" data-elementor-post-type=\"page\">\n\t\t\t\t<div class=\"elementor-element elementor-element-df9ce47 e-flex e-con-boxed e-con e-parent\" data-id=\"df9ce47\" data-element_type=\"container\" data-e-type=\"container\" data-settings=\"{&quot;jet_parallax_layout_list&quot;:[]}\">\n\t\t\t\t\t<div class=\"e-con-inner\">\n\t\t\t\t<div class=\"elementor-element elementor-element-0d6aafc elementor-widget elementor-widget-heading\" data-id=\"0d6aafc\" data-element_type=\"widget\" data-e-type=\"widget\" data-widget_type=\"heading.default\">\n\t\t\t\t<div class=\"elementor-widget-container\">\n\t\t\t\t\t<h1 class=\"elementor-heading-title elementor-size-default\">\u00dcber das Unternehmen<\/h1>\t\t\t\t<\/div>\n\t\t\t\t<\/div>\n\t\t\t\t\t<\/div>\n\t\t\t\t<\/div>\n\t\t<div class=\"elementor-element elementor-element-7c9415f e-flex e-con-boxed e-con e-parent\" data-id=\"7c9415f\" data-element_type=\"container\" data-e-type=\"container\" data-settings=\"{&quot;jet_parallax_layout_list&quot;:[]}\">\n\t\t\t\t\t<div class=\"e-con-inner\">\n\t\t<div class=\"elementor-element elementor-element-649cde4 e-con-full e-flex e-con e-child\" data-id=\"649cde4\" data-element_type=\"container\" data-e-type=\"container\" data-settings=\"{&quot;jet_parallax_layout_list&quot;:[]}\">\n\t\t\t\t<div class=\"elementor-element elementor-element-f04f354 elementor-widget__width-inherit elementor-widget elementor-widget-text-editor\" data-id=\"f04f354\" data-element_type=\"widget\" data-e-type=\"widget\" data-widget_type=\"text-editor.default\">\n\t\t\t\t<div class=\"elementor-widget-container\">\n\t\t\t\t\t\t\t\t\t<p style=\"font-weight: 400;\"><strong>Energie f\u00fcr die Zukunft der UAVs - Hochleistungsbatterien f\u00fcr missionskritische Anwendungen<\/strong><\/p><p style=\"font-weight: 400;\">Gegr\u00fcndet im Jahr 2005, <strong>ManiaX Power Technology Co, Ltd.<\/strong> hat sich von einem f\u00fchrenden Hersteller von RC-Modellbatterien zu einem <strong>weltweiter Hersteller fortschrittlicher lithiumbasierter Energiesysteme<\/strong> f\u00fcr UAVs, eVTOLs, Starrfl\u00fcgler-Drohnen und andere industrielle Plattformen. Unsere L\u00f6sungen werden von Fachleuten auf der ganzen Welt gesch\u00e4tzt und sind auf Leistung, Ausdauer und Sicherheit ausgelegt.<\/p><p style=\"font-weight: 400;\">Heute betreibt ManiaX \u00fcber <strong>71.000 m\u00b2 Produktionsst\u00e4tten<\/strong>mit einem engagierten Team von <strong>460 Mitarbeiter<\/strong>darunter mehr als <strong>50 F&amp;E-Ingenieure<\/strong> konzentriert sich auf Batterie-Innovationen. Wir stellen unsere eigenen Zellen und Packs her und erm\u00f6glichen so die vollst\u00e4ndige Anpassung jeder Komponente - Spannung, Kapazit\u00e4t, BMS, Anschl\u00fcsse, Geh\u00e4use und Format - an Ihre Anforderungen.<\/p>\t\t\t\t\t\t\t\t<\/div>\n\t\t\t\t<\/div>\n\t\t\t\t<div class=\"elementor-element elementor-element-c423a07 dce_masking-none elementor-widget elementor-widget-image\" data-id=\"c423a07\" data-element_type=\"widget\" data-e-type=\"widget\" data-widget_type=\"image.default\">\n\t\t\t\t<div class=\"elementor-widget-container\">\n\t\t\t\t\t\t\t\t\t\t\t\t\t\t\t<img fetchpriority=\"high\" decoding=\"async\" width=\"768\" height=\"512\" src=\"https:\/\/maniaxuav.com\/wp-content\/uploads\/2025\/05\/bannere158f22f85d346f9baaf7fae4ecb18ca-768x512.jpg\" class=\"attachment-medium_large size-medium_large wp-image-4209\" alt=\"\" srcset=\"https:\/\/maniaxuav.com\/wp-content\/uploads\/2025\/05\/bannere158f22f85d346f9baaf7fae4ecb18ca-768x512.jpg 768w, https:\/\/maniaxuav.com\/wp-content\/uploads\/2025\/05\/bannere158f22f85d346f9baaf7fae4ecb18ca-300x200.jpg 300w, https:\/\/maniaxuav.com\/wp-content\/uploads\/2025\/05\/bannere158f22f85d346f9baaf7fae4ecb18ca-1024x683.jpg 1024w, https:\/\/maniaxuav.com\/wp-content\/uploads\/2025\/05\/bannere158f22f85d346f9baaf7fae4ecb18ca-1536x1024.jpg 1536w, https:\/\/maniaxuav.com\/wp-content\/uploads\/2025\/05\/bannere158f22f85d346f9baaf7fae4ecb18ca-18x12.jpg 18w, https:\/\/maniaxuav.com\/wp-content\/uploads\/2025\/05\/bannere158f22f85d346f9baaf7fae4ecb18ca-600x400.jpg 600w, https:\/\/maniaxuav.com\/wp-content\/uploads\/2025\/05\/bannere158f22f85d346f9baaf7fae4ecb18ca.jpg 1680w\" sizes=\"(max-width: 768px) 100vw, 768px\" \/>\t\t\t\t\t\t\t\t\t\t\t\t\t\t\t<\/div>\n\t\t\t\t<\/div>\n\t\t\t\t<div class=\"elementor-element elementor-element-164b097 elementor-widget elementor-widget-heading\" data-id=\"164b097\" data-element_type=\"widget\" data-e-type=\"widget\" data-widget_type=\"heading.default\">\n\t\t\t\t<div class=\"elementor-widget-container\">\n\t\t\t\t\t<h2 class=\"elementor-heading-title elementor-size-default\">Ein komplettes Sortiment f\u00fcr professionelle UAV-Anwendungen<\/h2>\t\t\t\t<\/div>\n\t\t\t\t<\/div>\n\t\t\t\t<div class=\"elementor-element elementor-element-3832f4a elementor-widget__width-inherit elementor-widget elementor-widget-text-editor\" data-id=\"3832f4a\" data-element_type=\"widget\" data-e-type=\"widget\" data-widget_type=\"text-editor.default\">\n\t\t\t\t<div class=\"elementor-widget-container\">\n\t\t\t\t\t\t\t\t\t<p style=\"font-weight: 400;\">Von <strong>Agrardrohnen<\/strong>, <strong>Luftbildvermessung<\/strong>und <strong>taktische UAVs<\/strong>zu <strong>Frachtlieferung<\/strong>, <strong>Oberfl\u00e4chenroboter<\/strong>und <strong>eVTOL-Plattformen<\/strong>ManiaX liefert Batterien mit:<\/p><ul style=\"font-weight: 400;\"><li><strong>+30-35% h\u00f6here Energiedichte<\/strong><\/li><li><strong>Lebensdauer \u2265800 Zyklen<\/strong><\/li><li><strong>Schnelle Aufladung (2C-5C) und niedriger Innenwiderstand<\/strong><\/li><li><strong>Hervorragende Leistung \u00fcber einen gro\u00dfen Temperaturbereich (-30\u00b0C bis 55\u00b0C)<\/strong><\/li><li><strong>Mehrere Spannungsoptionen: 4.2V \/ 4.35V \/ 4.4V<\/strong><\/li><li><strong>Optionales Smart BMS und Halbleiterausf\u00fchrungen<\/strong><\/li><\/ul><p style=\"font-weight: 400;\">Alle Produkte werden rigoros getestet und zertifiziert, um <strong>CE, RoHS, UN38.3, ISO9001<\/strong>und <strong>ISO14001<\/strong> Normen, einschlie\u00dflich Vibrations-, Fall-, Temperaturschock- und Zyklusfestigkeitstests.<\/p>\t\t\t\t\t\t\t\t<\/div>\n\t\t\t\t<\/div>\n\t\t\t\t<div class=\"elementor-element elementor-element-4d010dc dce_masking-none elementor-widget elementor-widget-image\" data-id=\"4d010dc\" data-element_type=\"widget\" data-e-type=\"widget\" data-widget_type=\"image.default\">\n\t\t\t\t<div class=\"elementor-widget-container\">\n\t\t\t\t\t\t\t\t\t\t\t\t\t\t\t<img decoding=\"async\" width=\"768\" height=\"290\" src=\"https:\/\/maniaxuav.com\/wp-content\/uploads\/2024\/11\/20dcb08ccfab5841f6b4e307b8ff8496-768x290.jpg\" class=\"attachment-medium_large size-medium_large wp-image-9170\" alt=\"\" srcset=\"https:\/\/maniaxuav.com\/wp-content\/uploads\/2024\/11\/20dcb08ccfab5841f6b4e307b8ff8496-768x290.jpg 768w, https:\/\/maniaxuav.com\/wp-content\/uploads\/2024\/11\/20dcb08ccfab5841f6b4e307b8ff8496-300x113.jpg 300w, https:\/\/maniaxuav.com\/wp-content\/uploads\/2024\/11\/20dcb08ccfab5841f6b4e307b8ff8496-1024x387.jpg 1024w, https:\/\/maniaxuav.com\/wp-content\/uploads\/2024\/11\/20dcb08ccfab5841f6b4e307b8ff8496-1536x580.jpg 1536w, https:\/\/maniaxuav.com\/wp-content\/uploads\/2024\/11\/20dcb08ccfab5841f6b4e307b8ff8496-2048x774.jpg 2048w, https:\/\/maniaxuav.com\/wp-content\/uploads\/2024\/11\/20dcb08ccfab5841f6b4e307b8ff8496-18x7.jpg 18w, https:\/\/maniaxuav.com\/wp-content\/uploads\/2024\/11\/20dcb08ccfab5841f6b4e307b8ff8496-600x227.jpg 600w\" sizes=\"(max-width: 768px) 100vw, 768px\" \/>\t\t\t\t\t\t\t\t\t\t\t\t\t\t\t<\/div>\n\t\t\t\t<\/div>\n\t\t\t\t<div class=\"elementor-element elementor-element-64bb7f3 dce_masking-none elementor-widget elementor-widget-image\" data-id=\"64bb7f3\" data-element_type=\"widget\" data-e-type=\"widget\" data-widget_type=\"image.default\">\n\t\t\t\t<div class=\"elementor-widget-container\">\n\t\t\t\t\t\t\t\t\t\t\t\t\t\t\t<img decoding=\"async\" width=\"768\" height=\"290\" src=\"https:\/\/maniaxuav.com\/wp-content\/uploads\/2025\/07\/90bdce2e2b0c1d328e1a33d5a70ad933-768x290.jpg\" class=\"attachment-medium_large size-medium_large wp-image-9165\" alt=\"\" srcset=\"https:\/\/maniaxuav.com\/wp-content\/uploads\/2025\/07\/90bdce2e2b0c1d328e1a33d5a70ad933-768x290.jpg 768w, https:\/\/maniaxuav.com\/wp-content\/uploads\/2025\/07\/90bdce2e2b0c1d328e1a33d5a70ad933-300x113.jpg 300w, https:\/\/maniaxuav.com\/wp-content\/uploads\/2025\/07\/90bdce2e2b0c1d328e1a33d5a70ad933-1024x387.jpg 1024w, https:\/\/maniaxuav.com\/wp-content\/uploads\/2025\/07\/90bdce2e2b0c1d328e1a33d5a70ad933-1536x580.jpg 1536w, https:\/\/maniaxuav.com\/wp-content\/uploads\/2025\/07\/90bdce2e2b0c1d328e1a33d5a70ad933-2048x774.jpg 2048w, https:\/\/maniaxuav.com\/wp-content\/uploads\/2025\/07\/90bdce2e2b0c1d328e1a33d5a70ad933-18x7.jpg 18w, https:\/\/maniaxuav.com\/wp-content\/uploads\/2025\/07\/90bdce2e2b0c1d328e1a33d5a70ad933-600x227.jpg 600w\" sizes=\"(max-width: 768px) 100vw, 768px\" \/>\t\t\t\t\t\t\t\t\t\t\t\t\t\t\t<\/div>\n\t\t\t\t<\/div>\n\t\t\t\t<div class=\"elementor-element elementor-element-8205d89 elementor-widget elementor-widget-heading\" data-id=\"8205d89\" data-element_type=\"widget\" data-e-type=\"widget\" data-widget_type=\"heading.default\">\n\t\t\t\t<div class=\"elementor-widget-container\">\n\t\t\t\t\t<h2 class=\"elementor-heading-title elementor-size-default\">ManiaX Europe - Ihr Partner vor Ort<\/h2>\t\t\t\t<\/div>\n\t\t\t\t<\/div>\n\t\t\t\t<div class=\"elementor-element elementor-element-5353d72 elementor-widget__width-inherit elementor-widget elementor-widget-text-editor\" data-id=\"5353d72\" data-element_type=\"widget\" data-e-type=\"widget\" data-widget_type=\"text-editor.default\">\n\t\t\t\t<div class=\"elementor-widget-container\">\n\t\t\t\t\t\t\t\t\t<p style=\"font-weight: 400;\">Um die wachsende Nachfrage im europ\u00e4ischen UAV-Sektor zu befriedigen, <strong>ManiaX Europe wurde im Jahr 2024 ins Leben gerufen.<\/strong> als <strong>direkte Erweiterung unserer Fabrik<\/strong>und nicht ein Drittanbieter. Wir bieten:<\/p><ul style=\"font-weight: 400;\"><li><strong>Europ\u00e4ische Aktie<\/strong> f\u00fcr eine schnelle Lieferung ohne Zoll- und Mehrwertsteuerprobleme<\/li><li>A <strong>mehrsprachiges Team<\/strong> von Ingenieuren, Drohnenpiloten und Entwicklern<\/li><li><strong>Unterst\u00fctzung der OEM-Integration<\/strong> und direkte R\u00fcckmeldung an F&amp;E<\/li><li><strong>Technische Beratung vor Ort<\/strong> und Ausbildung<\/li><\/ul><p style=\"font-weight: 400;\">Unsere europ\u00e4ischen Aktivit\u00e4ten erm\u00f6glichen es uns <strong>Hand in Hand mit Herstellern und Integratoren arbeiten<\/strong> um gemeinsam optimierte Batteriel\u00f6sungen zu entwickeln und einen nahtlosen Einsatz vor Ort zu gew\u00e4hrleisten.<\/p>\t\t\t\t\t\t\t\t<\/div>\n\t\t\t\t<\/div>\n\t\t\t\t<\/div>\n\t\t\t\t\t<\/div>\n\t\t\t\t<\/div>\n\t\t\t\t<\/div>","protected":false},"excerpt":{"rendered":"<p>About the Company Powering the Future of UAVs \u2013 High-Performance Batteries Engineered for Mission-Critical Applications Founded in 2005, ManiaX Power Technology Co., Ltd. has evolved from a leader in RC model batteries to a global manufacturer of advanced lithium-based energy systems for UAVs, eVTOLs, fixed-wing drones, and other industrial platforms. Trusted by professionals worldwide, our [&hellip;]<\/p>\n","protected":false},"author":1,"featured_media":6103,"parent":0,"menu_order":0,"comment_status":"closed","ping_status":"closed","template":"","meta":{"_acf_changed":false,"footnotes":""},"class_list":["post-173","page","type-page","status-publish","has-post-thumbnail","hentry"],"acf":[],"jetpack_sharing_enabled":true,"_links":{"self":[{"href":"https:\/\/maniaxuav.com\/de\/wp-json\/wp\/v2\/pages\/173","targetHints":{"allow":["GET"]}}],"collection":[{"href":"https:\/\/maniaxuav.com\/de\/wp-json\/wp\/v2\/pages"}],"about":[{"href":"https:\/\/maniaxuav.com\/de\/wp-json\/wp\/v2\/types\/page"}],"author":[{"embeddable":true,"href":"https:\/\/maniaxuav.com\/de\/wp-json\/wp\/v2\/users\/1"}],"replies":[{"embeddable":true,"href":"https:\/\/maniaxuav.com\/de\/wp-json\/wp\/v2\/comments?post=173"}],"version-history":[{"count":130,"href":"https:\/\/maniaxuav.com\/de\/wp-json\/wp\/v2\/pages\/173\/revisions"}],"predecessor-version":[{"id":9190,"href":"https:\/\/maniaxuav.com\/de\/wp-json\/wp\/v2\/pages\/173\/revisions\/9190"}],"wp:featuredmedia":[{"embeddable":true,"href":"https:\/\/maniaxuav.com\/de\/wp-json\/wp\/v2\/media\/6103"}],"wp:attachment":[{"href":"https:\/\/maniaxuav.com\/de\/wp-json\/wp\/v2\/media?parent=173"}],"curies":[{"name":"wp","href":"https:\/\/api.w.org\/{rel}","templated":true}]}}